{"id":111,"date":"2025-01-16T15:38:38","date_gmt":"2025-01-16T15:38:38","guid":{"rendered":"https:\/\/ccpvseguridad.com\/?post_type=product&#038;p=111"},"modified":"2025-01-24T20:59:34","modified_gmt":"2025-01-24T20:59:34","slug":"camara-analogica-bullet-ir-fija-de-2mp","status":"publish","type":"product","link":"https:\/\/ccpvseguridad.com\/?product=camara-analogica-bullet-ir-fija-de-2mp","title":{"rendered":"C\u00e1mara Anal\u00f3gica Bullet IR fija de 2MP UAC-B112-AF28(40)-W"},"content":{"rendered":"<p>La c\u00e1mara UAC-B112-AF28(40)-W es una c\u00e1mara anal\u00f3gica bullet fija IR de 2MP con un sensor CMOS de alto rendimiento de 1\/3 de pulgada y tecnolog\u00eda de reducci\u00f3n de ruido 3D. Soporta TVI\/AHD\/CVI\/CVBS, lo que mejora efectivamente la adaptabilidad del producto y la diversidad de soluciones de red.Con cable coaxial RG 75% ohms o cable UTP (cat 5,6 100% cobre) la c\u00e1mara puede lograr transmisi\u00f3n de video a larga distancia con una excelente imagen a bajo costo, gracias a la tecnologia integrada de anti-interferencia. Soporta filtro de corte IR con interruptor autom\u00e1tico (ICR) y proporciona im\u00e1genes en color durante el d\u00eda e im\u00e1genes en blanco y negro durante la noche. La c\u00e1mara tambi\u00e9n soporta entrada de audio y transmisi\u00f3n sincr\u00f3nica de audio y video. La c\u00e1mara de vigilancia uniview es un dispositivo de alta calidad que te permite monitorear tu hogar o negocio desde cualquier lugar.<\/p>\n<p>Mira el: <a href=\"https:\/\/ubox-eu.oss-eu-central-1.aliyuncs.com\/datacenter\/doc\/0bc3e85c-b368-4dc5-b862-d7153ca3bdf3\/325aba36-5b5b-4010-b15e-5f1e51f3785e.pdf\">DATASHEET<\/a><\/p>\n","protected":false},"excerpt":{"rendered":"<p>C\u00e1mara Anal\u00f3gica Bullet IR fija de 2MP, modelo: UAC-B112-AF28(40)<\/p>\n<p>\u2022 2MP imagen de Alta calidad (HD)<br \/>\n\u2022 MULTIFORMATOS TVI\/AHD\/CVI\/CVBS<br \/>\n\u2022 Filtro de corte IR con interruptor autom\u00e1tico para funcionalidad diurna y nocturna (ICR)<br \/>\n\u2022 Tecnolog\u00eda de reducci\u00f3n de ruido 3D ofrece im\u00e1genes limpias y n\u00edtidas<br \/>\n\u2022 Base flexible que permite giro manual de180\u00b0 vertical y horizontal<br \/>\n\u2022 Men\u00fa de configuraci\u00f3n OSD, f\u00e1cil de operar<br \/>\n\u2022 Dise\u00f1o IP67 resistente al agua y al polvo, alta confiabilidad<br \/>\n\u2022 OSD configuration menu in 11 languages<br \/>\n\u2022 Micr\u00f3fono incorporado para transmisi\u00f3n de audio de alta calidad a trav\u00e9s de cables coaxiales<\/p>\n","protected":false},"featured_media":112,"comment_status":"open","ping_status":"closed","template":"","meta":{"site-sidebar-layout":"default","site-content-layout":"","ast-site-content-layout":"default","site-content-style":"default","site-sidebar-style":"default","ast-global-header-display":"","ast-banner-title-visibility":"","ast-main-header-display":"","ast-hfb-above-header-display":"","ast-hfb-below-header-display":"","ast-hfb-mobile-header-display":"","site-post-title":"","ast-breadcrumbs-content":"","ast-featured-img":"","footer-sml-layout":"","theme-transparent-header-meta":"default","adv-header-id-meta":"","stick-header-meta":"","header-above-stick-meta":"","header-main-stick-meta":"","header-below-stick-meta":"","astra-migrate-meta-layouts":"set","ast-page-background-enabled":"default","ast-page-background-meta":{"desktop":{"background-color":"var(--ast-global-color-4)","background-image":"","background-repeat":"repeat","background-position":"center center","background-size":"auto","background-attachment":"scroll","background-type":"","background-media":"","overlay-type":"","overlay-color":"","overlay-opacity":"","overlay-gradient":""},"tablet":{"background-color":"","background-image":"","background-repeat":"repeat","background-position":"center center","background-size":"auto","background-attachment":"scroll","background-type":"","background-media":"","overlay-type":"","overlay-color":"","overlay-opacity":"","overlay-gradient":""},"mobile":{"background-color":"","background-image":"","background-repeat":"repeat","background-position":"center center","background-size":"auto","background-attachment":"scroll","background-type":"","background-media":"","overlay-type":"","overlay-color":"","overlay-opacity":"","overlay-gradient":""}},"ast-content-background-meta":{"desktop":{"background-color":"var(--ast-global-color-5)","background-image":"","background-repeat":"repeat","background-position":"center center","background-size":"auto","background-attachment":"scroll","background-type":"","background-media":"","overlay-type":"","overlay-color":"","overlay-opacity":"","overlay-gradient":""},"tablet":{"background-color":"var(--ast-global-color-5)","background-image":"","background-repeat":"repeat","background-position":"center center","background-size":"auto","background-attachment":"scroll","background-type":"","background-media":"","overlay-type":"","overlay-color":"","overlay-opacity":"","overlay-gradient":""},"mobile":{"background-color":"var(--ast-global-color-5)","background-image":"","background-repeat":"repeat","background-position":"center center","background-size":"auto","background-attachment":"scroll","background-type":"","background-media":"","overlay-type":"","overlay-color":"","overlay-opacity":"","overlay-gradient":""}}},"product_brand":[],"product_cat":[18],"product_tag":[21,19],"class_list":{"0":"post-111","1":"product","2":"type-product","3":"status-publish","4":"has-post-thumbnail","6":"product_cat-camara-analogica","7":"product_tag-2-mpx","8":"product_tag-camara-analogica","9":"desktop-align-left","10":"tablet-align-left","11":"mobile-align-left","13":"first","14":"onbackorder","15":"taxable","16":"shipping-taxable","17":"product-type-simple"},"jetpack_sharing_enabled":true,"_links":{"self":[{"href":"https:\/\/ccpvseguridad.com\/index.php?rest_route=\/wp\/v2\/product\/111","targetHints":{"allow":["GET"]}}],"collection":[{"href":"https:\/\/ccpvseguridad.com\/index.php?rest_route=\/wp\/v2\/product"}],"about":[{"href":"https:\/\/ccpvseguridad.com\/index.php?rest_route=\/wp\/v2\/types\/product"}],"replies":[{"embeddable":true,"href":"https:\/\/ccpvseguridad.com\/index.php?rest_route=%2Fwp%2Fv2%2Fcomments&post=111"}],"wp:featuredmedia":[{"embeddable":true,"href":"https:\/\/ccpvseguridad.com\/index.php?rest_route=\/wp\/v2\/media\/112"}],"wp:attachment":[{"href":"https:\/\/ccpvseguridad.com\/index.php?rest_route=%2Fwp%2Fv2%2Fmedia&parent=111"}],"wp:term":[{"taxonomy":"product_brand","embeddable":true,"href":"https:\/\/ccpvseguridad.com\/index.php?rest_route=%2Fwp%2Fv2%2Fproduct_brand&post=111"},{"taxonomy":"product_cat","embeddable":true,"href":"https:\/\/ccpvseguridad.com\/index.php?rest_route=%2Fwp%2Fv2%2Fproduct_cat&post=111"},{"taxonomy":"product_tag","embeddable":true,"href":"https:\/\/ccpvseguridad.com\/index.php?rest_route=%2Fwp%2Fv2%2Fproduct_tag&post=111"}],"curies":[{"name":"wp","href":"https:\/\/api.w.org\/{rel}","templated":true}]}}