{"id":130,"date":"2025-01-16T16:01:40","date_gmt":"2025-01-16T16:01:40","guid":{"rendered":"https:\/\/ccpvseguridad.com\/?post_type=product&#038;p=130"},"modified":"2025-01-31T00:44:35","modified_gmt":"2025-01-31T00:44:35","slug":"camara-analogica-de-torreta-fija-de-luz-calida-colourhunter-de-2-mp","status":"publish","type":"product","link":"https:\/\/ccpvseguridad.com\/?product=camara-analogica-de-torreta-fija-de-luz-calida-colourhunter-de-2-mp","title":{"rendered":"C\u00e1mara anal\u00f3gica de torreta fija de luz c\u00e1lida ColourHunter de 2 MP UAC-T112-F28\/F40-W"},"content":{"rendered":"<p>La c\u00e1mara UAC-T112-F28\/F40-W es una c\u00e1mara anal\u00f3gica tipo turret fija IR HD de 2MP ColourHunter con un sensor CMOS de alto rendimiento de 1\/3 de pulgada. Soporta TVI\/AHD\/CVI\/CVBS, lo que mejora efectivamente la adaptabilidad del producto y la diversidad de soluciones de red.Con cable coaxial RG 75% ohms o cable UTP (cat 5,6 100% cobre) la c\u00e1mara puede lograr transmisi\u00f3n de video a larga distancia con una excelente imagen a bajo costo, gracias a la tecnologia integrada de anti-interferencia. La c\u00e1mara soporta im\u00e1genes en color las 24 horas del d\u00eda, los 7 d\u00edas de la semana. La c\u00e1mara de vigilancia uniview es un dispositivo de alta calidad que te permite monitorear tu hogar o negocio desde cualquier lugar.<\/p>\n<p>Mira el: <a href=\"https:\/\/ccpvseguridad.com\/wp-content\/uploads\/2025\/01\/UAC-T112-F2840-W-y-UAC-T115-F2840-W.pdf\">DATASHEET<\/a><\/p>\n","protected":false},"excerpt":{"rendered":"<p>C\u00e1mara anal\u00f3gica de torreta fija de luz c\u00e1lida ColourHunter de 2 MP Modelo: UAC-T112-F28-W<\/p>\n<p>\u2022 Resoluci\u00f3n 2MP (HD) alta definicion de imagen<br \/>\n\u2022 MULTIFORMATOS TVI\/AHD\/CVI\/CVBS<br \/>\n\u2022 Admite iluminaci\u00f3n con luz blanca, im\u00e1genes en color 24\/7<br \/>\n\u2022 Base flexible que permite giro manual de180\u00b0 vertical y horizontal<br \/>\n\u2022 Men\u00fa de configuraci\u00f3n OSD, f\u00e1cil de operar<br \/>\n\u2022 Dise\u00f1o a prueba de agua y polvo IP67, alta fiabilidad<br \/>\n\u2022 Men\u00fa de configuraci\u00f3n OSD en 11 idiomas<\/p>\n","protected":false},"featured_media":132,"comment_status":"open","ping_status":"closed","template":"","meta":{"site-sidebar-layout":"default","site-content-layout":"","ast-site-content-layout":"default","site-content-style":"default","site-sidebar-style":"default","ast-global-header-display":"","ast-banner-title-visibility":"","ast-main-header-display":"","ast-hfb-above-header-display":"","ast-hfb-below-header-display":"","ast-hfb-mobile-header-display":"","site-post-title":"","ast-breadcrumbs-content":"","ast-featured-img":"","footer-sml-layout":"","theme-transparent-header-meta":"default","adv-header-id-meta":"","stick-header-meta":"","header-above-stick-meta":"","header-main-stick-meta":"","header-below-stick-meta":"","astra-migrate-meta-layouts":"set","ast-page-background-enabled":"default","ast-page-background-meta":{"desktop":{"background-color":"var(--ast-global-color-4)","background-image":"","background-repeat":"repeat","background-position":"center center","background-size":"auto","background-attachment":"scroll","background-type":"","background-media":"","overlay-type":"","overlay-color":"","overlay-opacity":"","overlay-gradient":""},"tablet":{"background-color":"","background-image":"","background-repeat":"repeat","background-position":"center center","background-size":"auto","background-attachment":"scroll","background-type":"","background-media":"","overlay-type":"","overlay-color":"","overlay-opacity":"","overlay-gradient":""},"mobile":{"background-color":"","background-image":"","background-repeat":"repeat","background-position":"center center","background-size":"auto","background-attachment":"scroll","background-type":"","background-media":"","overlay-type":"","overlay-color":"","overlay-opacity":"","overlay-gradient":""}},"ast-content-background-meta":{"desktop":{"background-color":"var(--ast-global-color-5)","background-image":"","background-repeat":"repeat","background-position":"center center","background-size":"auto","background-attachment":"scroll","background-type":"","background-media":"","overlay-type":"","overlay-color":"","overlay-opacity":"","overlay-gradient":""},"tablet":{"background-color":"var(--ast-global-color-5)","background-image":"","background-repeat":"repeat","background-position":"center center","background-size":"auto","background-attachment":"scroll","background-type":"","background-media":"","overlay-type":"","overlay-color":"","overlay-opacity":"","overlay-gradient":""},"mobile":{"background-color":"var(--ast-global-color-5)","background-image":"","background-repeat":"repeat","background-position":"center center","background-size":"auto","background-attachment":"scroll","background-type":"","background-media":"","overlay-type":"","overlay-color":"","overlay-opacity":"","overlay-gradient":""}}},"product_brand":[],"product_cat":[18],"product_tag":[21,19],"class_list":{"0":"post-130","1":"product","2":"type-product","3":"status-publish","4":"has-post-thumbnail","6":"product_cat-camara-analogica","7":"product_tag-2-mpx","8":"product_tag-camara-analogica","9":"desktop-align-left","10":"tablet-align-left","11":"mobile-align-left","13":"first","14":"onbackorder","15":"taxable","16":"shipping-taxable","17":"product-type-simple"},"jetpack_sharing_enabled":true,"_links":{"self":[{"href":"https:\/\/ccpvseguridad.com\/index.php?rest_route=\/wp\/v2\/product\/130","targetHints":{"allow":["GET"]}}],"collection":[{"href":"https:\/\/ccpvseguridad.com\/index.php?rest_route=\/wp\/v2\/product"}],"about":[{"href":"https:\/\/ccpvseguridad.com\/index.php?rest_route=\/wp\/v2\/types\/product"}],"replies":[{"embeddable":true,"href":"https:\/\/ccpvseguridad.com\/index.php?rest_route=%2Fwp%2Fv2%2Fcomments&post=130"}],"wp:featuredmedia":[{"embeddable":true,"href":"https:\/\/ccpvseguridad.com\/index.php?rest_route=\/wp\/v2\/media\/132"}],"wp:attachment":[{"href":"https:\/\/ccpvseguridad.com\/index.php?rest_route=%2Fwp%2Fv2%2Fmedia&parent=130"}],"wp:term":[{"taxonomy":"product_brand","embeddable":true,"href":"https:\/\/ccpvseguridad.com\/index.php?rest_route=%2Fwp%2Fv2%2Fproduct_brand&post=130"},{"taxonomy":"product_cat","embeddable":true,"href":"https:\/\/ccpvseguridad.com\/index.php?rest_route=%2Fwp%2Fv2%2Fproduct_cat&post=130"},{"taxonomy":"product_tag","embeddable":true,"href":"https:\/\/ccpvseguridad.com\/index.php?rest_route=%2Fwp%2Fv2%2Fproduct_tag&post=130"}],"curies":[{"name":"wp","href":"https:\/\/api.w.org\/{rel}","templated":true}]}}