{"id":155,"date":"2025-01-16T17:06:51","date_gmt":"2025-01-16T17:06:51","guid":{"rendered":"https:\/\/ccpvseguridad.com\/?post_type=product&#038;p=155"},"modified":"2025-01-24T21:05:42","modified_gmt":"2025-01-24T21:05:42","slug":"camara-analogica-de-torreta-fija-colourhunter-de-2-mp-metalica","status":"publish","type":"product","link":"https:\/\/ccpvseguridad.com\/?product=camara-analogica-de-torreta-fija-colourhunter-de-2-mp-metalica","title":{"rendered":"C\u00e1mara anal\u00f3gica de torreta fija ColourHunter de 2 MP (Met\u00e1lica) UAC-T122-AF28M-W"},"content":{"rendered":"<p>UAC-T122-AF28M-W es una c\u00e1mara anal\u00f3gica mini tipo bala fija ColorHunter HD de 2MP con Sensor CMOS de 1\/2,9 pulgadas de alto rendimiento. Es compatible con TVI\/AHD\/CVI\/CVBS, que efectivamente mejora la adaptabilidad del producto y la diversidad de soluciones de red.con cable coaxial RG 75% ohms o cable UTP (cat 5,6 100% cobre) la c\u00e1mara puede lograr transmisi\u00f3n de video a larga distancia con una excelente imagen a bajo costo, gracias a la tecnologia integrada de anti-interferencia. Transmisi\u00f3n de v\u00eddeo sin retardo de tiempo. Admite entrada de audio, transmisi\u00f3n s\u00edncrona de audio. y v\u00eddeo, y proporciona im\u00e1genes en color las 24 horas del d\u00eda, los 7 d\u00edas de la semana. La c\u00e1mara de vigilancia uniview es un dispositivo de alta calidad que te permite monitorear tu hogar o negocio desde cualquier lugar.<\/p>\n<p>Mira el: <a href=\"https:\/\/www.uniview.com\/res\/202303\/09\/20230309_1876589_UNV%20\u3010Datasheet\u3011UAC-T122-AF28(40)M-W%202MP%20ColorHunter%20HD%20Fixed%20Turret%20Analog%20Camera%20datasheet%20V2.3-EN_966975_168459_0.pdf\">DATASHEET<\/a><\/p>\n","protected":false},"excerpt":{"rendered":"<p>C\u00e1mara anal\u00f3gica de torreta fija con luz c\u00e1lida ColourHunter de 2 MP (Metalica) Modelo UAC-T122-AF28M-W<\/p>\n<p>\u2022 2MP imagen de Alta calidad (HD)<br \/>\n\u2022 MULTIFORMATOS TVI\/AHD\/CVI\/CVBS<br \/>\n\u2022 Admite iluminaci\u00f3n de luz blanca e im\u00e1genes en color 24\/7<br \/>\n\u2022 Tecnolog\u00eda de reducci\u00f3n de ruido 3D ofrece im\u00e1genes limpias y n\u00edtidas<br \/>\n\u2022 Base flexible que permite giro manual de180\u00b0 vertical y horizontal<br \/>\n\u2022 Men\u00fa de configuraci\u00f3n OSD, f\u00e1cil de operar<br \/>\n\u2022 Dise\u00f1o IP67 resistente al agua y al polvo, alta confiabilidad<br \/>\n\u2022 Men\u00fa de configuraci\u00f3n OSD en 11 idiomas<\/p>\n<p>\u2022 Micr\u00f3fono incorporado para transmisi\u00f3n de audio de alta calidad a trav\u00e9s de cable coaxial<\/p>\n<p>\u2022 Admite un rango de giro de 0 a 345\u00b0, un rango de inclinaci\u00f3n de 0 a 90<\/p>\n<p>\u2022 Admite desempa\u00f1amiento digital<\/p>\n","protected":false},"featured_media":158,"comment_status":"open","ping_status":"closed","template":"","meta":{"site-sidebar-layout":"default","site-content-layout":"","ast-site-content-layout":"default","site-content-style":"default","site-sidebar-style":"default","ast-global-header-display":"","ast-banner-title-visibility":"","ast-main-header-display":"","ast-hfb-above-header-display":"","ast-hfb-below-header-display":"","ast-hfb-mobile-header-display":"","site-post-title":"","ast-breadcrumbs-content":"","ast-featured-img":"","footer-sml-layout":"","theme-transparent-header-meta":"default","adv-header-id-meta":"","stick-header-meta":"","header-above-stick-meta":"","header-main-stick-meta":"","header-below-stick-meta":"","astra-migrate-meta-layouts":"set","ast-page-background-enabled":"default","ast-page-background-meta":{"desktop":{"background-color":"var(--ast-global-color-4)","background-image":"","background-repeat":"repeat","background-position":"center center","background-size":"auto","background-attachment":"scroll","background-type":"","background-media":"","overlay-type":"","overlay-color":"","overlay-opacity":"","overlay-gradient":""},"tablet":{"background-color":"","background-image":"","background-repeat":"repeat","background-position":"center center","background-size":"auto","background-attachment":"scroll","background-type":"","background-media":"","overlay-type":"","overlay-color":"","overlay-opacity":"","overlay-gradient":""},"mobile":{"background-color":"","background-image":"","background-repeat":"repeat","background-position":"center center","background-size":"auto","background-attachment":"scroll","background-type":"","background-media":"","overlay-type":"","overlay-color":"","overlay-opacity":"","overlay-gradient":""}},"ast-content-background-meta":{"desktop":{"background-color":"var(--ast-global-color-5)","background-image":"","background-repeat":"repeat","background-position":"center center","background-size":"auto","background-attachment":"scroll","background-type":"","background-media":"","overlay-type":"","overlay-color":"","overlay-opacity":"","overlay-gradient":""},"tablet":{"background-color":"var(--ast-global-color-5)","background-image":"","background-repeat":"repeat","background-position":"center center","background-size":"auto","background-attachment":"scroll","background-type":"","background-media":"","overlay-type":"","overlay-color":"","overlay-opacity":"","overlay-gradient":""},"mobile":{"background-color":"var(--ast-global-color-5)","background-image":"","background-repeat":"repeat","background-position":"center center","background-size":"auto","background-attachment":"scroll","background-type":"","background-media":"","overlay-type":"","overlay-color":"","overlay-opacity":"","overlay-gradient":""}}},"product_brand":[],"product_cat":[18],"product_tag":[21,19],"class_list":{"0":"post-155","1":"product","2":"type-product","3":"status-publish","4":"has-post-thumbnail","6":"product_cat-camara-analogica","7":"product_tag-2-mpx","8":"product_tag-camara-analogica","9":"desktop-align-left","10":"tablet-align-left","11":"mobile-align-left","13":"first","14":"onbackorder","15":"taxable","16":"shipping-taxable","17":"product-type-simple"},"jetpack_sharing_enabled":true,"_links":{"self":[{"href":"https:\/\/ccpvseguridad.com\/index.php?rest_route=\/wp\/v2\/product\/155","targetHints":{"allow":["GET"]}}],"collection":[{"href":"https:\/\/ccpvseguridad.com\/index.php?rest_route=\/wp\/v2\/product"}],"about":[{"href":"https:\/\/ccpvseguridad.com\/index.php?rest_route=\/wp\/v2\/types\/product"}],"replies":[{"embeddable":true,"href":"https:\/\/ccpvseguridad.com\/index.php?rest_route=%2Fwp%2Fv2%2Fcomments&post=155"}],"wp:featuredmedia":[{"embeddable":true,"href":"https:\/\/ccpvseguridad.com\/index.php?rest_route=\/wp\/v2\/media\/158"}],"wp:attachment":[{"href":"https:\/\/ccpvseguridad.com\/index.php?rest_route=%2Fwp%2Fv2%2Fmedia&parent=155"}],"wp:term":[{"taxonomy":"product_brand","embeddable":true,"href":"https:\/\/ccpvseguridad.com\/index.php?rest_route=%2Fwp%2Fv2%2Fproduct_brand&post=155"},{"taxonomy":"product_cat","embeddable":true,"href":"https:\/\/ccpvseguridad.com\/index.php?rest_route=%2Fwp%2Fv2%2Fproduct_cat&post=155"},{"taxonomy":"product_tag","embeddable":true,"href":"https:\/\/ccpvseguridad.com\/index.php?rest_route=%2Fwp%2Fv2%2Fproduct_tag&post=155"}],"curies":[{"name":"wp","href":"https:\/\/api.w.org\/{rel}","templated":true}]}}