{"id":185,"date":"2025-01-16T18:28:38","date_gmt":"2025-01-16T18:28:38","guid":{"rendered":"https:\/\/ccpvseguridad.com\/?post_type=product&#038;p=185"},"modified":"2025-01-24T21:14:42","modified_gmt":"2025-01-24T21:14:42","slug":"xvr302-32q3-grabador-de-video-32-canales","status":"publish","type":"product","link":"https:\/\/ccpvseguridad.com\/?product=xvr302-32q3-grabador-de-video-32-canales","title":{"rendered":"XVR302-32Q3\u00a0 grabador de video 32 canales"},"content":{"rendered":"<p>El\u00a0XVR302-32Q3\u00a0es un grabador de video digital de \u00faltima generaci\u00f3n, dise\u00f1ado para ofrecer soluciones de videovigilancia robustas y eficientes en instalaciones de gran escala. Este dispositivo es ideal en entornos donde la seguridad es primordial. Aplicaciones:<br \/>\nEl XVR302-32Q3 es ideal para:<\/p>\n<p>Centros Comerciales: Para la vigilancia de \u00e1reas amplias y la prevenci\u00f3n de robos.<br \/>\nInstituciones Educativas: Asegurando la seguridad de estudiantes y personal.<br \/>\nOficinas y Edificios Corporativos: Monitoreo de accesos y \u00e1reas sensibles.<br \/>\nAlmacenes y F\u00e1bricas: Protecci\u00f3n de activos y control de procesos.<\/p>\n<p>Mira el: <a href=\"https:\/\/global.uniview.com\/th\/res\/202312\/29\/20231229_1897098_UNV%20XVR302-32Q3%20Digital%20Video%20Recorder_985575_168459_0.pdf\">DATASHEET<\/a><\/p>\n","protected":false},"excerpt":{"rendered":"<p>Caracter\u00edsticas Principales del XVR302-32Q3:<\/p>\n<p>\u2022Capacidad de Conexi\u00f3n: Permite la conexi\u00f3n de hasta 32 c\u00e1maras anal\u00f3gicas y 4 c\u00e1maras IP, lo que lo convierte en un sistema vers\u00e1til que se adapta a diversas configuraciones de seguridad.<\/p>\n<p>\u2022Compatibilidad de Formatos: Soporta los formatos de video H.265 y H.264, lo que garantiza una calidad de imagen excepcional y una compresi\u00f3n eficiente, optimizando el uso del almacenamiento.<\/p>\n<p>\u2022Resoluci\u00f3n de Grabaci\u00f3n: Capaz de grabar en 8MP (3840 x2160 pixeles), el XVR302-32Q3 proporciona im\u00e1genes n\u00edtidas y detalladas, esenciales para la identificaci\u00f3n y monitoreo en tiempo real.<\/p>\n<p>\u2022Almacenamiento: Este modelo admite la conexi\u00f3n de 2 discos duros de hasta 8TB cada uno, ofreciendo una capacidad total de almacenamiento de hasta 16TB. Esto permite guardar grabaciones prolongadas sin preocuparse por el espacio.<\/p>\n<p>\u2022Conectividad: Dispone de salidas simult\u00e1neas HDMI en 4K y VGA, facilitando la visualizaci\u00f3n en m\u00faltiples monitores. Adem\u00e1s, cuenta con la capacidad de audio a trav\u00e9s de coaxial, compatible solo con c\u00e1maras UNV CVI.<\/p>\n<p>\u2022Interfaz de Usuario: Su interfaz intuitiva permite una f\u00e1cil navegaci\u00f3n y configuraci\u00f3n, lo que simplifica la gesti\u00f3n del sistema de videovigilancia.<\/p>\n<p>\u2022Funciones Avanzadas: Incluye caracter\u00edsticas como detecci\u00f3n de movimiento (UMD), Cruce de linea (SIP) grabaci\u00f3n programada y acceso remoto, lo que permite a los usuarios monitorear sus instalaciones desde cualquier lugar.<\/p>\n","protected":false},"featured_media":187,"comment_status":"open","ping_status":"closed","template":"","meta":{"site-sidebar-layout":"default","site-content-layout":"","ast-site-content-layout":"default","site-content-style":"default","site-sidebar-style":"default","ast-global-header-display":"","ast-banner-title-visibility":"","ast-main-header-display":"","ast-hfb-above-header-display":"","ast-hfb-below-header-display":"","ast-hfb-mobile-header-display":"","site-post-title":"","ast-breadcrumbs-content":"","ast-featured-img":"","footer-sml-layout":"","theme-transparent-header-meta":"default","adv-header-id-meta":"","stick-header-meta":"","header-above-stick-meta":"","header-main-stick-meta":"","header-below-stick-meta":"","astra-migrate-meta-layouts":"set","ast-page-background-enabled":"default","ast-page-background-meta":{"desktop":{"background-color":"var(--ast-global-color-4)","background-image":"","background-repeat":"repeat","background-position":"center center","background-size":"auto","background-attachment":"scroll","background-type":"","background-media":"","overlay-type":"","overlay-color":"","overlay-opacity":"","overlay-gradient":""},"tablet":{"background-color":"","background-image":"","background-repeat":"repeat","background-position":"center center","background-size":"auto","background-attachment":"scroll","background-type":"","background-media":"","overlay-type":"","overlay-color":"","overlay-opacity":"","overlay-gradient":""},"mobile":{"background-color":"","background-image":"","background-repeat":"repeat","background-position":"center center","background-size":"auto","background-attachment":"scroll","background-type":"","background-media":"","overlay-type":"","overlay-color":"","overlay-opacity":"","overlay-gradient":""}},"ast-content-background-meta":{"desktop":{"background-color":"var(--ast-global-color-5)","background-image":"","background-repeat":"repeat","background-position":"center center","background-size":"auto","background-attachment":"scroll","background-type":"","background-media":"","overlay-type":"","overlay-color":"","overlay-opacity":"","overlay-gradient":""},"tablet":{"background-color":"var(--ast-global-color-5)","background-image":"","background-repeat":"repeat","background-position":"center center","background-size":"auto","background-attachment":"scroll","background-type":"","background-media":"","overlay-type":"","overlay-color":"","overlay-opacity":"","overlay-gradient":""},"mobile":{"background-color":"var(--ast-global-color-5)","background-image":"","background-repeat":"repeat","background-position":"center center","background-size":"auto","background-attachment":"scroll","background-type":"","background-media":"","overlay-type":"","overlay-color":"","overlay-opacity":"","overlay-gradient":""}}},"product_brand":[],"product_cat":[22],"product_tag":[27,23],"class_list":{"0":"post-185","1":"product","2":"type-product","3":"status-publish","4":"has-post-thumbnail","6":"product_cat-xvr","7":"product_tag-32-canales","8":"product_tag-xvr","9":"desktop-align-left","10":"tablet-align-left","11":"mobile-align-left","13":"first","14":"onbackorder","15":"taxable","16":"shipping-taxable","17":"product-type-simple"},"jetpack_sharing_enabled":true,"_links":{"self":[{"href":"https:\/\/ccpvseguridad.com\/index.php?rest_route=\/wp\/v2\/product\/185","targetHints":{"allow":["GET"]}}],"collection":[{"href":"https:\/\/ccpvseguridad.com\/index.php?rest_route=\/wp\/v2\/product"}],"about":[{"href":"https:\/\/ccpvseguridad.com\/index.php?rest_route=\/wp\/v2\/types\/product"}],"replies":[{"embeddable":true,"href":"https:\/\/ccpvseguridad.com\/index.php?rest_route=%2Fwp%2Fv2%2Fcomments&post=185"}],"wp:featuredmedia":[{"embeddable":true,"href":"https:\/\/ccpvseguridad.com\/index.php?rest_route=\/wp\/v2\/media\/187"}],"wp:attachment":[{"href":"https:\/\/ccpvseguridad.com\/index.php?rest_route=%2Fwp%2Fv2%2Fmedia&parent=185"}],"wp:term":[{"taxonomy":"product_brand","embeddable":true,"href":"https:\/\/ccpvseguridad.com\/index.php?rest_route=%2Fwp%2Fv2%2Fproduct_brand&post=185"},{"taxonomy":"product_cat","embeddable":true,"href":"https:\/\/ccpvseguridad.com\/index.php?rest_route=%2Fwp%2Fv2%2Fproduct_cat&post=185"},{"taxonomy":"product_tag","embeddable":true,"href":"https:\/\/ccpvseguridad.com\/index.php?rest_route=%2Fwp%2Fv2%2Fproduct_tag&post=185"}],"curies":[{"name":"wp","href":"https:\/\/api.w.org\/{rel}","templated":true}]}}