{"id":188,"date":"2025-01-16T18:34:25","date_gmt":"2025-01-16T18:34:25","guid":{"rendered":"https:\/\/ccpvseguridad.com\/?post_type=product&#038;p=188"},"modified":"2025-01-24T21:15:29","modified_gmt":"2025-01-24T21:15:29","slug":"uho-s2e-camara-pt","status":"publish","type":"product","link":"https:\/\/ccpvseguridad.com\/?product=uho-s2e-camara-pt","title":{"rendered":"C\u00e1mara PT 3 MP Uho-S2E-M3"},"content":{"rendered":"<p>La Uho-S2E es una c\u00e1mara PT de interior de 3MP dise\u00f1ada para vigilancia integral, est\u00e1 dise\u00f1ada para ser f\u00e1cil de usar y se puede monitorear remotamente con la aplicaci\u00f3n Uniarch y EZCloud para monitoreo remoto<\/p>\n<p>Mira el: <a href=\"https:\/\/uniarch.cn\/res\/202209\/02\/20220902_1854124_Uho-S2E%20Smart%20PT%20Camera%20Datasheet%20V2.2_951154_575359_0.pdf\">DATASHEET<\/a><\/p>\n","protected":false},"excerpt":{"rendered":"<p>\u2022Im\u00e1genes de Alta Resoluci\u00f3n: Sensor CMOS de 3MP, 1\/3&#8243; con una lente de 4.0mm, proporcionando im\u00e1genes claras con un campo de visi\u00f3n horizontal de 86\u00b0 \u2022 Visi\u00f3n Nocturna: Equipado con visi\u00f3n nocturna IR, puede iluminar hasta 10 metros en completa oscuridad.<\/p>\n<p>Rango de Giro de 360\u00b0: La c\u00e1mara puede rotar horizontal y verticalmente, ofreciendo un rango de giro de 360\u00b0 para una cobertura completa.<\/p>\n<p>Audio Bidireccional: Micr\u00f3fono y altavoz integrados para comunicaci\u00f3n bidireccional en tiempo real.<\/p>\n<p>M\u00faltiples M\u00e9todos de Detecci\u00f3n: Soporta detecci\u00f3n de movimiento, seguimiento autom\u00e1tico, detecci\u00f3n de audio y detecci\u00f3n de cuerpo humano.<\/p>\n<p>Opciones de Almacenamiento: Soporta tarjetas micro SD de hasta 256 GB para almacenamiento local.<\/p>\n<p>Conectividad: Cuenta con Wi-Fi de 2.4G y una interfaz RJ45 para conectividad de red.<\/p>\n","protected":false},"featured_media":189,"comment_status":"open","ping_status":"closed","template":"","meta":{"site-sidebar-layout":"default","site-content-layout":"","ast-site-content-layout":"default","site-content-style":"default","site-sidebar-style":"default","ast-global-header-display":"","ast-banner-title-visibility":"","ast-main-header-display":"","ast-hfb-above-header-display":"","ast-hfb-below-header-display":"","ast-hfb-mobile-header-display":"","site-post-title":"","ast-breadcrumbs-content":"","ast-featured-img":"","footer-sml-layout":"","theme-transparent-header-meta":"default","adv-header-id-meta":"","stick-header-meta":"","header-above-stick-meta":"","header-main-stick-meta":"","header-below-stick-meta":"","astra-migrate-meta-layouts":"set","ast-page-background-enabled":"default","ast-page-background-meta":{"desktop":{"background-color":"var(--ast-global-color-4)","background-image":"","background-repeat":"repeat","background-position":"center center","background-size":"auto","background-attachment":"scroll","background-type":"","background-media":"","overlay-type":"","overlay-color":"","overlay-opacity":"","overlay-gradient":""},"tablet":{"background-color":"","background-image":"","background-repeat":"repeat","background-position":"center center","background-size":"auto","background-attachment":"scroll","background-type":"","background-media":"","overlay-type":"","overlay-color":"","overlay-opacity":"","overlay-gradient":""},"mobile":{"background-color":"","background-image":"","background-repeat":"repeat","background-position":"center center","background-size":"auto","background-attachment":"scroll","background-type":"","background-media":"","overlay-type":"","overlay-color":"","overlay-opacity":"","overlay-gradient":""}},"ast-content-background-meta":{"desktop":{"background-color":"var(--ast-global-color-5)","background-image":"","background-repeat":"repeat","background-position":"center center","background-size":"auto","background-attachment":"scroll","background-type":"","background-media":"","overlay-type":"","overlay-color":"","overlay-opacity":"","overlay-gradient":""},"tablet":{"background-color":"var(--ast-global-color-5)","background-image":"","background-repeat":"repeat","background-position":"center center","background-size":"auto","background-attachment":"scroll","background-type":"","background-media":"","overlay-type":"","overlay-color":"","overlay-opacity":"","overlay-gradient":""},"mobile":{"background-color":"var(--ast-global-color-5)","background-image":"","background-repeat":"repeat","background-position":"center center","background-size":"auto","background-attachment":"scroll","background-type":"","background-media":"","overlay-type":"","overlay-color":"","overlay-opacity":"","overlay-gradient":""}}},"product_brand":[],"product_cat":[28],"product_tag":[30,29],"class_list":{"0":"post-188","1":"product","2":"type-product","3":"status-publish","4":"has-post-thumbnail","6":"product_cat-smart-home","7":"product_tag-3-mpx","8":"product_tag-smart-home","9":"desktop-align-left","10":"tablet-align-left","11":"mobile-align-left","13":"first","14":"onbackorder","15":"taxable","16":"shipping-taxable","17":"product-type-simple"},"jetpack_sharing_enabled":true,"_links":{"self":[{"href":"https:\/\/ccpvseguridad.com\/index.php?rest_route=\/wp\/v2\/product\/188","targetHints":{"allow":["GET"]}}],"collection":[{"href":"https:\/\/ccpvseguridad.com\/index.php?rest_route=\/wp\/v2\/product"}],"about":[{"href":"https:\/\/ccpvseguridad.com\/index.php?rest_route=\/wp\/v2\/types\/product"}],"replies":[{"embeddable":true,"href":"https:\/\/ccpvseguridad.com\/index.php?rest_route=%2Fwp%2Fv2%2Fcomments&post=188"}],"wp:featuredmedia":[{"embeddable":true,"href":"https:\/\/ccpvseguridad.com\/index.php?rest_route=\/wp\/v2\/media\/189"}],"wp:attachment":[{"href":"https:\/\/ccpvseguridad.com\/index.php?rest_route=%2Fwp%2Fv2%2Fmedia&parent=188"}],"wp:term":[{"taxonomy":"product_brand","embeddable":true,"href":"https:\/\/ccpvseguridad.com\/index.php?rest_route=%2Fwp%2Fv2%2Fproduct_brand&post=188"},{"taxonomy":"product_cat","embeddable":true,"href":"https:\/\/ccpvseguridad.com\/index.php?rest_route=%2Fwp%2Fv2%2Fproduct_cat&post=188"},{"taxonomy":"product_tag","embeddable":true,"href":"https:\/\/ccpvseguridad.com\/index.php?rest_route=%2Fwp%2Fv2%2Fproduct_tag&post=188"}],"curies":[{"name":"wp","href":"https:\/\/api.w.org\/{rel}","templated":true}]}}