{"id":192,"date":"2025-01-16T18:37:45","date_gmt":"2025-01-16T18:37:45","guid":{"rendered":"https:\/\/ccpvseguridad.com\/?post_type=product&#038;p=192"},"modified":"2025-01-24T21:16:00","modified_gmt":"2025-01-24T21:16:00","slug":"uho-p1a-m3f4d-camara-pt-de-red","status":"publish","type":"product","link":"https:\/\/ccpvseguridad.com\/?product=uho-p1a-m3f4d-camara-pt-de-red","title":{"rendered":"Uho-P1A-M3F4D c\u00e1mara PT de red 3 MP"},"content":{"rendered":"<p>La Uho-P1A-M3F4D es una c\u00e1mara PT de red de luz dual HD de 3MP dise\u00f1ada para vigilancia exterior, f\u00e1cil de usar y se puede integrar f\u00e1cilmente con la aplicaci\u00f3n Uniarch y EZCloud para monitoreo remoto<\/p>\n<p>Mira el: <a href=\"https:\/\/www.uniarch.cn\/res\/202310\/23\/20231023_1890149_Uniarch\u3010Datasheet\u3011Uho-P1A-M3F4D%203MP%20HD%20Dual%20Light%20Network%20PT%20Camera%20Datasheet%20V1.0_978805_575359_0.pdf\">DATASHEET<\/a><\/p>\n","protected":false},"excerpt":{"rendered":"<p>\u2022Alta Resoluci\u00f3n: Sensor CMOS de 3MP, 1\/2.8&#8243; con una resoluci\u00f3n de 2304*1296 a 20fps<\/p>\n<p>\u2022 Compresi\u00f3n de Video: Soporta Ultra 265, H.265 y H.264<\/p>\n<p>\u2022 Detecci\u00f3n Inteligente: Soporta detecci\u00f3n de l\u00ednea cruzada e intrusi\u00f3n<\/p>\n<p>\u2022 Rango Din\u00e1mico Amplio (WDR): Digital WDR para mejor calidad de imagen en condiciones de iluminaci\u00f3n variadas<\/p>\n<p>\u2022 Audio Bidireccional: Micr\u00f3fono y altavoz integrados para comunicaci\u00f3n en tiempo real<\/p>\n<p>\u2022 Advertencia de Sonido y Luz: Hace que las advertencias y alarmas sean m\u00e1s notables<\/p>\n<p>\u2022 Visi\u00f3n Nocturna Inteligente: IR inteligente con un alcance de hasta 30 metros (98 pies) y luz c\u00e1lida de hasta 30 metros (98 pies)<\/p>\n<p>\u2022 Montaje F\u00e1cil: Soporte de montaje autocontenido<\/p>\n<p>\u2022 Almacenamiento: Soporta tarjetas Micro SD de hasta 256 GB<\/p>\n<p>\u2022 Conectividad Wi-Fi: Conexi\u00f3n Wi-Fi y f\u00e1cil instalaci\u00f3n<\/p>\n<p>\u2022 Protecci\u00f3n IP66: Protecci\u00f3n contra el ingreso de polvo y agua<\/p>\n","protected":false},"featured_media":193,"comment_status":"open","ping_status":"closed","template":"","meta":{"site-sidebar-layout":"default","site-content-layout":"","ast-site-content-layout":"default","site-content-style":"default","site-sidebar-style":"default","ast-global-header-display":"","ast-banner-title-visibility":"","ast-main-header-display":"","ast-hfb-above-header-display":"","ast-hfb-below-header-display":"","ast-hfb-mobile-header-display":"","site-post-title":"","ast-breadcrumbs-content":"","ast-featured-img":"","footer-sml-layout":"","theme-transparent-header-meta":"default","adv-header-id-meta":"","stick-header-meta":"","header-above-stick-meta":"","header-main-stick-meta":"","header-below-stick-meta":"","astra-migrate-meta-layouts":"set","ast-page-background-enabled":"default","ast-page-background-meta":{"desktop":{"background-color":"var(--ast-global-color-4)","background-image":"","background-repeat":"repeat","background-position":"center center","background-size":"auto","background-attachment":"scroll","background-type":"","background-media":"","overlay-type":"","overlay-color":"","overlay-opacity":"","overlay-gradient":""},"tablet":{"background-color":"","background-image":"","background-repeat":"repeat","background-position":"center center","background-size":"auto","background-attachment":"scroll","background-type":"","background-media":"","overlay-type":"","overlay-color":"","overlay-opacity":"","overlay-gradient":""},"mobile":{"background-color":"","background-image":"","background-repeat":"repeat","background-position":"center center","background-size":"auto","background-attachment":"scroll","background-type":"","background-media":"","overlay-type":"","overlay-color":"","overlay-opacity":"","overlay-gradient":""}},"ast-content-background-meta":{"desktop":{"background-color":"var(--ast-global-color-5)","background-image":"","background-repeat":"repeat","background-position":"center center","background-size":"auto","background-attachment":"scroll","background-type":"","background-media":"","overlay-type":"","overlay-color":"","overlay-opacity":"","overlay-gradient":""},"tablet":{"background-color":"var(--ast-global-color-5)","background-image":"","background-repeat":"repeat","background-position":"center center","background-size":"auto","background-attachment":"scroll","background-type":"","background-media":"","overlay-type":"","overlay-color":"","overlay-opacity":"","overlay-gradient":""},"mobile":{"background-color":"var(--ast-global-color-5)","background-image":"","background-repeat":"repeat","background-position":"center center","background-size":"auto","background-attachment":"scroll","background-type":"","background-media":"","overlay-type":"","overlay-color":"","overlay-opacity":"","overlay-gradient":""}}},"product_brand":[],"product_cat":[28],"product_tag":[29],"class_list":{"0":"post-192","1":"product","2":"type-product","3":"status-publish","4":"has-post-thumbnail","6":"product_cat-smart-home","7":"product_tag-smart-home","8":"desktop-align-left","9":"tablet-align-left","10":"mobile-align-left","12":"first","13":"onbackorder","14":"taxable","15":"shipping-taxable","16":"product-type-simple"},"jetpack_sharing_enabled":true,"_links":{"self":[{"href":"https:\/\/ccpvseguridad.com\/index.php?rest_route=\/wp\/v2\/product\/192","targetHints":{"allow":["GET"]}}],"collection":[{"href":"https:\/\/ccpvseguridad.com\/index.php?rest_route=\/wp\/v2\/product"}],"about":[{"href":"https:\/\/ccpvseguridad.com\/index.php?rest_route=\/wp\/v2\/types\/product"}],"replies":[{"embeddable":true,"href":"https:\/\/ccpvseguridad.com\/index.php?rest_route=%2Fwp%2Fv2%2Fcomments&post=192"}],"wp:featuredmedia":[{"embeddable":true,"href":"https:\/\/ccpvseguridad.com\/index.php?rest_route=\/wp\/v2\/media\/193"}],"wp:attachment":[{"href":"https:\/\/ccpvseguridad.com\/index.php?rest_route=%2Fwp%2Fv2%2Fmedia&parent=192"}],"wp:term":[{"taxonomy":"product_brand","embeddable":true,"href":"https:\/\/ccpvseguridad.com\/index.php?rest_route=%2Fwp%2Fv2%2Fproduct_brand&post=192"},{"taxonomy":"product_cat","embeddable":true,"href":"https:\/\/ccpvseguridad.com\/index.php?rest_route=%2Fwp%2Fv2%2Fproduct_cat&post=192"},{"taxonomy":"product_tag","embeddable":true,"href":"https:\/\/ccpvseguridad.com\/index.php?rest_route=%2Fwp%2Fv2%2Fproduct_tag&post=192"}],"curies":[{"name":"wp","href":"https:\/\/api.w.org\/{rel}","templated":true}]}}