{"id":195,"date":"2025-01-16T18:59:56","date_gmt":"2025-01-16T18:59:56","guid":{"rendered":"https:\/\/ccpvseguridad.com\/?post_type=product&#038;p=195"},"modified":"2025-01-24T21:31:00","modified_gmt":"2025-01-24T21:31:00","slug":"camara-de-red-fija-2-mp-ipc2122lb-asf28","status":"publish","type":"product","link":"https:\/\/ccpvseguridad.com\/?product=camara-de-red-fija-2-mp-ipc2122lb-asf28","title":{"rendered":"C\u00e1mara de red fija 2 MP IPC2122LB-ASF28"},"content":{"rendered":"<p>La c\u00e1mara de red fija con IR IPC2122LB-ASF28(40)K-A de Uniview ofrece una calidad de imagen excepcional con su sensor CMOS de 2MP y 1\/2.9&#8243;. Con resoluciones de hasta 1920&#215;1080 a 30\/25fps, esta c\u00e1mara garantiza im\u00e1genes n\u00edtidas y detalladas. Su tecnolog\u00eda de compresi\u00f3n Ultra H.265, H.265 y H.264 optimiza el almacenamiento y el ancho de banda. Equipada con un micr\u00f3fono incorporado y funcionalidad d\u00eda\/noche, esta c\u00e1mara es ideal para vigilancia continua. El IR inteligente proporciona visibilidad en la oscuridad hasta 30 metros. La reducci\u00f3n de ruido digital 2D\/3D asegura im\u00e1genes claras en condiciones de poca luz. Adem\u00e1s, soporta tarjetas Micro SD de hasta 512 GB y puede ser alimentada por DC12V o PoE. Con clasificaci\u00f3n IP67, es resistente al polvo y al agua, y su ajuste de 3 ejes facilita la instalaci\u00f3n. Perfecta para aplicaciones de seguridad en interiores y exteriores, esta c\u00e1mara combina robustez y flexibilidad para una vigilancia confiable.<\/p>\n<p>Mira el: <a href=\"https:\/\/ccpvseguridad.com\/wp-content\/uploads\/2025\/01\/UNV-IPC2122LB-ASF2840K-A-2MP-Fixed-IR-Bullet-Network-Camera.pdf\">DATASHEET<\/a><\/p>\n","protected":false},"excerpt":{"rendered":"<p>IPC2122LB-ASF28(40)K-A:<\/p>\n<p>\u2022 Calidad de Imagen: 2MP con un sensor CMOS de 1\/2.9&#8243;, soportando resoluciones de 1920&#215;1080 a 30\/25fps y 1280&#215;720 a 30\/25fps.<br \/>\n\u2022Compresi\u00f3n: Ultra H.265, H.265 y H.264.<br \/>\n\u2022Audio: Micr\u00f3fono incorporado.<br \/>\n\u2022Infrarrojo: IR inteligente con un alcance de hasta 30 metros (98 pies).<br \/>\n\u2022Funcionalidad D\u00eda\/Noche: Asegura im\u00e1genes claras en diversas condiciones de iluminaci\u00f3n.<br \/>\n\u2022Reducci\u00f3n de Ruido: Reducci\u00f3n de ruido digital 2D\/3D (DNR).<br \/>\n\u2022Almacenamiento: Soporta tarjetas Micro SD de hasta 512 GB.<br \/>\n\u2022Fuente de Alimentaci\u00f3n: Puede ser alimentada por DC12V o PoE (IEEE 802.3af).<br \/>\n\u2022Protecci\u00f3n: Clasificaci\u00f3n IP67 para resistencia al polvo y al agua.<br \/>\n\u2022Montaje: Ajuste de 3 ejes para una instalaci\u00f3n flexible.<br \/>\n\u2022Campo de Visi\u00f3n: Horizontal 101.1\u00b0 (lente de 2.8mm) o 82.5\u00b0 (lente de 4.0mm), Vertical 56.5\u00b0 (lente de 2.8mm) o 44.5\u00b0 (lente de 4.0mm), Diagonal 117\u00b0 (lente de 2.8mm) o 93\u00b0 (lente de 4.0mm).<br \/>\n\u2022Distancia DORI: Detectar (45.0m para lente de 2.8mm, 64.3m para lente de 4.0mm), Observar (18.0m para lente de 2.8mm, 24.8m para lente de 4.0mm), Reconocer (9.0m para lente de 2.8mm, 12.4m para lente de 4.0mm), Identificar (4.5m para lente de 2.8mm, 6.2m para lente de 4.0mm).<\/p>\n","protected":false},"featured_media":197,"comment_status":"open","ping_status":"closed","template":"","meta":{"site-sidebar-layout":"default","site-content-layout":"","ast-site-content-layout":"default","site-content-style":"default","site-sidebar-style":"default","ast-global-header-display":"","ast-banner-title-visibility":"","ast-main-header-display":"","ast-hfb-above-header-display":"","ast-hfb-below-header-display":"","ast-hfb-mobile-header-display":"","site-post-title":"","ast-breadcrumbs-content":"","ast-featured-img":"","footer-sml-layout":"","theme-transparent-header-meta":"default","adv-header-id-meta":"","stick-header-meta":"","header-above-stick-meta":"","header-main-stick-meta":"","header-below-stick-meta":"","astra-migrate-meta-layouts":"set","ast-page-background-enabled":"default","ast-page-background-meta":{"desktop":{"background-color":"var(--ast-global-color-4)","background-image":"","background-repeat":"repeat","background-position":"center center","background-size":"auto","background-attachment":"scroll","background-type":"","background-media":"","overlay-type":"","overlay-color":"","overlay-opacity":"","overlay-gradient":""},"tablet":{"background-color":"","background-image":"","background-repeat":"repeat","background-position":"center center","background-size":"auto","background-attachment":"scroll","background-type":"","background-media":"","overlay-type":"","overlay-color":"","overlay-opacity":"","overlay-gradient":""},"mobile":{"background-color":"","background-image":"","background-repeat":"repeat","background-position":"center center","background-size":"auto","background-attachment":"scroll","background-type":"","background-media":"","overlay-type":"","overlay-color":"","overlay-opacity":"","overlay-gradient":""}},"ast-content-background-meta":{"desktop":{"background-color":"var(--ast-global-color-5)","background-image":"","background-repeat":"repeat","background-position":"center center","background-size":"auto","background-attachment":"scroll","background-type":"","background-media":"","overlay-type":"","overlay-color":"","overlay-opacity":"","overlay-gradient":""},"tablet":{"background-color":"var(--ast-global-color-5)","background-image":"","background-repeat":"repeat","background-position":"center center","background-size":"auto","background-attachment":"scroll","background-type":"","background-media":"","overlay-type":"","overlay-color":"","overlay-opacity":"","overlay-gradient":""},"mobile":{"background-color":"var(--ast-global-color-5)","background-image":"","background-repeat":"repeat","background-position":"center center","background-size":"auto","background-attachment":"scroll","background-type":"","background-media":"","overlay-type":"","overlay-color":"","overlay-opacity":"","overlay-gradient":""}}},"product_brand":[],"product_cat":[31],"product_tag":[21,32],"class_list":{"0":"post-195","1":"product","2":"type-product","3":"status-publish","4":"has-post-thumbnail","6":"product_cat-ipc-easy","7":"product_tag-2-mpx","8":"product_tag-ipc","9":"desktop-align-left","10":"tablet-align-left","11":"mobile-align-left","13":"first","14":"onbackorder","15":"taxable","16":"shipping-taxable","17":"product-type-simple"},"jetpack_sharing_enabled":true,"_links":{"self":[{"href":"https:\/\/ccpvseguridad.com\/index.php?rest_route=\/wp\/v2\/product\/195","targetHints":{"allow":["GET"]}}],"collection":[{"href":"https:\/\/ccpvseguridad.com\/index.php?rest_route=\/wp\/v2\/product"}],"about":[{"href":"https:\/\/ccpvseguridad.com\/index.php?rest_route=\/wp\/v2\/types\/product"}],"replies":[{"embeddable":true,"href":"https:\/\/ccpvseguridad.com\/index.php?rest_route=%2Fwp%2Fv2%2Fcomments&post=195"}],"wp:featuredmedia":[{"embeddable":true,"href":"https:\/\/ccpvseguridad.com\/index.php?rest_route=\/wp\/v2\/media\/197"}],"wp:attachment":[{"href":"https:\/\/ccpvseguridad.com\/index.php?rest_route=%2Fwp%2Fv2%2Fmedia&parent=195"}],"wp:term":[{"taxonomy":"product_brand","embeddable":true,"href":"https:\/\/ccpvseguridad.com\/index.php?rest_route=%2Fwp%2Fv2%2Fproduct_brand&post=195"},{"taxonomy":"product_cat","embeddable":true,"href":"https:\/\/ccpvseguridad.com\/index.php?rest_route=%2Fwp%2Fv2%2Fproduct_cat&post=195"},{"taxonomy":"product_tag","embeddable":true,"href":"https:\/\/ccpvseguridad.com\/index.php?rest_route=%2Fwp%2Fv2%2Fproduct_tag&post=195"}],"curies":[{"name":"wp","href":"https:\/\/api.w.org\/{rel}","templated":true}]}}