{"id":202,"date":"2025-01-16T19:24:58","date_gmt":"2025-01-16T19:24:58","guid":{"rendered":"https:\/\/ccpvseguridad.com\/?post_type=product&#038;p=202"},"modified":"2025-01-24T21:33:37","modified_gmt":"2025-01-24T21:33:37","slug":"camara-4mp-ipc324lb-adf28k-h","status":"publish","type":"product","link":"https:\/\/ccpvseguridad.com\/?product=camara-4mp-ipc324lb-adf28k-h","title":{"rendered":"C\u00e1mara  4MP IPC324LB-ADF28K-H"},"content":{"rendered":"<p>Descubre la c\u00e1mara IPC324LB-ADF28K-H de Uniview, la soluci\u00f3n perfecta para tus necesidades de seguridad! Esta c\u00e1mara IP de 4 megap\u00edxeles ofrece una calidad de imagen excepcional gracias a su sensor 1\/2.9&#8243; CMOS y su lente fija de 2.8 mm, que proporciona un amplio campo de visi\u00f3n de 101.5\u00b0. Con un rendimiento sobresaliente en condiciones de poca luz, su iluminaci\u00f3n m\u00ednima es de 0.01 lux en color y 0 lux con infrarrojos, lo que permite una vigilancia efectiva incluso en la oscuridad. Adem\u00e1s, cuenta con LEDs IR que alcanzan hasta 30 metros, garantizando una cobertura completa.La detecci\u00f3n de movimiento ultra y su interfaz amigable hacen que la IPC324LB-ADF28K-H sea ideal para cualquier entorno, ya sea residencial o comercial.<\/p>\n<p>Mira el: <a href=\"https:\/\/ccpvseguridad.com\/wp-content\/uploads\/2025\/01\/UNV20IPC324LE-ADF2840K-H204MP20HD20Vandal-resistant20IR20Fixed20Dome20Network20Camera.pdf\">DATASHEET<\/a><\/p>\n","protected":false},"excerpt":{"rendered":"<p>IPC324LB-ADF28(40)K-H: 4MP Fixed IR Dome Network Camera<br \/>\n\u2022 High quality image with 4MP, 1\/3.0&#8243;CMOS sensor<br \/>\n\u2022 4MP (2560*1440)@25\/20fps; 3MP (2304*1296)@30\/25fps; 2MP (1920*1080)@30\/25fps; 720P (1280*720)@30\/25fps<br \/>\n\u2022 Ultra 265, H.265, H.264, MJPEG<br \/>\n\u2022 Smart IR, up to 30m (98ft) IR distance<br \/>\n\u2022 Supports 512 G Micro SD card<br \/>\n\u2022 Support PoE power supply<br \/>\n\u2022 3-Axis<\/p>\n","protected":false},"featured_media":204,"comment_status":"open","ping_status":"closed","template":"","meta":{"site-sidebar-layout":"default","site-content-layout":"","ast-site-content-layout":"default","site-content-style":"default","site-sidebar-style":"default","ast-global-header-display":"","ast-banner-title-visibility":"","ast-main-header-display":"","ast-hfb-above-header-display":"","ast-hfb-below-header-display":"","ast-hfb-mobile-header-display":"","site-post-title":"","ast-breadcrumbs-content":"","ast-featured-img":"","footer-sml-layout":"","theme-transparent-header-meta":"default","adv-header-id-meta":"","stick-header-meta":"","header-above-stick-meta":"","header-main-stick-meta":"","header-below-stick-meta":"","astra-migrate-meta-layouts":"set","ast-page-background-enabled":"default","ast-page-background-meta":{"desktop":{"background-color":"var(--ast-global-color-4)","background-image":"","background-repeat":"repeat","background-position":"center center","background-size":"auto","background-attachment":"scroll","background-type":"","background-media":"","overlay-type":"","overlay-color":"","overlay-opacity":"","overlay-gradient":""},"tablet":{"background-color":"","background-image":"","background-repeat":"repeat","background-position":"center center","background-size":"auto","background-attachment":"scroll","background-type":"","background-media":"","overlay-type":"","overlay-color":"","overlay-opacity":"","overlay-gradient":""},"mobile":{"background-color":"","background-image":"","background-repeat":"repeat","background-position":"center center","background-size":"auto","background-attachment":"scroll","background-type":"","background-media":"","overlay-type":"","overlay-color":"","overlay-opacity":"","overlay-gradient":""}},"ast-content-background-meta":{"desktop":{"background-color":"var(--ast-global-color-5)","background-image":"","background-repeat":"repeat","background-position":"center center","background-size":"auto","background-attachment":"scroll","background-type":"","background-media":"","overlay-type":"","overlay-color":"","overlay-opacity":"","overlay-gradient":""},"tablet":{"background-color":"var(--ast-global-color-5)","background-image":"","background-repeat":"repeat","background-position":"center center","background-size":"auto","background-attachment":"scroll","background-type":"","background-media":"","overlay-type":"","overlay-color":"","overlay-opacity":"","overlay-gradient":""},"mobile":{"background-color":"var(--ast-global-color-5)","background-image":"","background-repeat":"repeat","background-position":"center center","background-size":"auto","background-attachment":"scroll","background-type":"","background-media":"","overlay-type":"","overlay-color":"","overlay-opacity":"","overlay-gradient":""}}},"product_brand":[],"product_cat":[31],"product_tag":[33,32],"class_list":{"0":"post-202","1":"product","2":"type-product","3":"status-publish","4":"has-post-thumbnail","6":"product_cat-ipc-easy","7":"product_tag-4-mpx","8":"product_tag-ipc","9":"desktop-align-left","10":"tablet-align-left","11":"mobile-align-left","13":"first","14":"onbackorder","15":"taxable","16":"shipping-taxable","17":"product-type-simple"},"jetpack_sharing_enabled":true,"_links":{"self":[{"href":"https:\/\/ccpvseguridad.com\/index.php?rest_route=\/wp\/v2\/product\/202","targetHints":{"allow":["GET"]}}],"collection":[{"href":"https:\/\/ccpvseguridad.com\/index.php?rest_route=\/wp\/v2\/product"}],"about":[{"href":"https:\/\/ccpvseguridad.com\/index.php?rest_route=\/wp\/v2\/types\/product"}],"replies":[{"embeddable":true,"href":"https:\/\/ccpvseguridad.com\/index.php?rest_route=%2Fwp%2Fv2%2Fcomments&post=202"}],"wp:featuredmedia":[{"embeddable":true,"href":"https:\/\/ccpvseguridad.com\/index.php?rest_route=\/wp\/v2\/media\/204"}],"wp:attachment":[{"href":"https:\/\/ccpvseguridad.com\/index.php?rest_route=%2Fwp%2Fv2%2Fmedia&parent=202"}],"wp:term":[{"taxonomy":"product_brand","embeddable":true,"href":"https:\/\/ccpvseguridad.com\/index.php?rest_route=%2Fwp%2Fv2%2Fproduct_brand&post=202"},{"taxonomy":"product_cat","embeddable":true,"href":"https:\/\/ccpvseguridad.com\/index.php?rest_route=%2Fwp%2Fv2%2Fproduct_cat&post=202"},{"taxonomy":"product_tag","embeddable":true,"href":"https:\/\/ccpvseguridad.com\/index.php?rest_route=%2Fwp%2Fv2%2Fproduct_tag&post=202"}],"curies":[{"name":"wp","href":"https:\/\/api.w.org\/{rel}","templated":true}]}}