{"id":215,"date":"2025-01-16T19:57:00","date_gmt":"2025-01-16T19:57:00","guid":{"rendered":"https:\/\/ccpvseguridad.com\/?post_type=product&#038;p=215"},"modified":"2025-01-24T21:36:00","modified_gmt":"2025-01-24T21:36:00","slug":"camara-2-mp-ipc2122lb-af28k-wl","status":"publish","type":"product","link":"https:\/\/ccpvseguridad.com\/?product=camara-2-mp-ipc2122lb-af28k-wl","title":{"rendered":"C\u00e1mara 2 MP IPC2122LB-AF28K-WL"},"content":{"rendered":"<p>La IPC2122LB-AF28K-WL de Uniview es una c\u00e1mara de red fija tipo bala con luz c\u00e1lida de 2MP, dise\u00f1ada para ofrecer im\u00e1genes de alta calidad en cualquier entorno. Con su sensor CMOS de 1\/2.9&#8243; y resoluci\u00f3n de 2MP (1920&#215;1080) a 30\/25fps, captura detalles n\u00edtidos y claros. Ofrece compresi\u00f3n de video Ultra 265, H.265, H.264 y MJPEG, optimizando el almacenamiento sin sacrificar la calidad. Su rango din\u00e1mico amplio (WDR) de 120dB permite capturar im\u00e1genes precisas en condiciones de luz desfavorables. Adem\u00e1s, cuenta con infrarrojos de luz c\u00e1lida que alcanzan hasta 30 metros, garantizando vigilancia nocturna efectiva.<\/p>\n<p>El dise\u00f1o robusto con clasificaci\u00f3n IP67 asegura resistencia al agua y al polvo, ideal para uso en exteriores. Integra un micr\u00f3fono para grabaci\u00f3n de audio y soporta Power over Ethernet (PoE) para una instalaci\u00f3n sencilla y eficiente. Su campo de visi\u00f3n amplio proporciona una cobertura completa del \u00e1rea vigilada. Compatible con m\u00faltiples protocolos de red, esta c\u00e1mara es una opci\u00f3n vers\u00e1til y fiable para tus necesidades de seguridad. \u00a1Protege lo que m\u00e1s valoras con la IPC2122LB-AF28K-WL!<\/p>\n<p>Mira el: <a href=\"https:\/\/ccpvseguridad.com\/wp-content\/uploads\/2025\/01\/IPC2122LB-AF28K-WL.pdf\">DATASHEET<\/a><\/p>\n","protected":false},"excerpt":{"rendered":"<p>IPC2122LB-AF28K-WL: \u2022 Sensor: 1\/2.9&#8243;, 2.0 megap\u00edxeles, escaneo progresivo, CMOS.<br \/>\n\u2022 Resoluci\u00f3n: 2MP (1920&#215;1080) a 30\/25fps, 720P (1280&#215;720) a 30\/25fps.<br \/>\n\u2022 Compresi\u00f3n de video: Ultra 265, H.265, H.264, MJPEG.<br \/>\n\u2022 Rango din\u00e1mico amplio (WDR): 120dB.<br \/>\n\u2022 Distancia IR: Hasta 30 metros (98 pies).<br \/>\n\u2022 Lente: 2.8mm @F1.6, 4.0mm @F1.6.<br \/>\n\u2022 Campo de visi\u00f3n: 101.1\u00b0 (horizontal), 55.0\u00b0 (vertical).<br \/>\n\u2022 Protecci\u00f3n: Clasificaci\u00f3n IP67.<br \/>\n\u2022 Alimentaci\u00f3n: Soporta PoE (Power over Ethernet).<br \/>\n\u2022 Audio: Micr\u00f3fono integrado.<br \/>\n\u2022 Protocolos de red: IPv4, TCP, UDP, DHCP, RTP, RTSP, RTCP, RTMP, DNS, DDNS, NTP, FTP, UPnP, HTTP, HTTPS, SMTP, QoS, SSL\/TLS, SNMP.<br \/>\n\u2022 Compatibilidad: ONVIF (Perfil S, Perfil G, Perfil T), API, SDK.<\/p>\n<p>\u2022 Seguridad: Protecci\u00f3n por contrase\u00f1a, contrase\u00f1a fuerte, cifrado HTTPS, exportaci\u00f3n de registros de operaci\u00f3n, autenticaci\u00f3n b\u00e1sica y digest para RTSP, autenticaci\u00f3n digest para HTTP, TLS 1.2, WSSE y autenticaci\u00f3n digest para ONVIF.<\/p>\n","protected":false},"featured_media":217,"comment_status":"open","ping_status":"closed","template":"","meta":{"site-sidebar-layout":"default","site-content-layout":"","ast-site-content-layout":"default","site-content-style":"default","site-sidebar-style":"default","ast-global-header-display":"","ast-banner-title-visibility":"","ast-main-header-display":"","ast-hfb-above-header-display":"","ast-hfb-below-header-display":"","ast-hfb-mobile-header-display":"","site-post-title":"","ast-breadcrumbs-content":"","ast-featured-img":"","footer-sml-layout":"","theme-transparent-header-meta":"default","adv-header-id-meta":"","stick-header-meta":"","header-above-stick-meta":"","header-main-stick-meta":"","header-below-stick-meta":"","astra-migrate-meta-layouts":"set","ast-page-background-enabled":"default","ast-page-background-meta":{"desktop":{"background-color":"var(--ast-global-color-4)","background-image":"","background-repeat":"repeat","background-position":"center center","background-size":"auto","background-attachment":"scroll","background-type":"","background-media":"","overlay-type":"","overlay-color":"","overlay-opacity":"","overlay-gradient":""},"tablet":{"background-color":"","background-image":"","background-repeat":"repeat","background-position":"center center","background-size":"auto","background-attachment":"scroll","background-type":"","background-media":"","overlay-type":"","overlay-color":"","overlay-opacity":"","overlay-gradient":""},"mobile":{"background-color":"","background-image":"","background-repeat":"repeat","background-position":"center center","background-size":"auto","background-attachment":"scroll","background-type":"","background-media":"","overlay-type":"","overlay-color":"","overlay-opacity":"","overlay-gradient":""}},"ast-content-background-meta":{"desktop":{"background-color":"var(--ast-global-color-5)","background-image":"","background-repeat":"repeat","background-position":"center center","background-size":"auto","background-attachment":"scroll","background-type":"","background-media":"","overlay-type":"","overlay-color":"","overlay-opacity":"","overlay-gradient":""},"tablet":{"background-color":"var(--ast-global-color-5)","background-image":"","background-repeat":"repeat","background-position":"center center","background-size":"auto","background-attachment":"scroll","background-type":"","background-media":"","overlay-type":"","overlay-color":"","overlay-opacity":"","overlay-gradient":""},"mobile":{"background-color":"var(--ast-global-color-5)","background-image":"","background-repeat":"repeat","background-position":"center center","background-size":"auto","background-attachment":"scroll","background-type":"","background-media":"","overlay-type":"","overlay-color":"","overlay-opacity":"","overlay-gradient":""}}},"product_brand":[],"product_cat":[31],"product_tag":[21,32],"class_list":{"0":"post-215","1":"product","2":"type-product","3":"status-publish","4":"has-post-thumbnail","6":"product_cat-ipc-easy","7":"product_tag-2-mpx","8":"product_tag-ipc","9":"desktop-align-left","10":"tablet-align-left","11":"mobile-align-left","13":"first","14":"onbackorder","15":"taxable","16":"shipping-taxable","17":"product-type-simple"},"jetpack_sharing_enabled":true,"_links":{"self":[{"href":"https:\/\/ccpvseguridad.com\/index.php?rest_route=\/wp\/v2\/product\/215","targetHints":{"allow":["GET"]}}],"collection":[{"href":"https:\/\/ccpvseguridad.com\/index.php?rest_route=\/wp\/v2\/product"}],"about":[{"href":"https:\/\/ccpvseguridad.com\/index.php?rest_route=\/wp\/v2\/types\/product"}],"replies":[{"embeddable":true,"href":"https:\/\/ccpvseguridad.com\/index.php?rest_route=%2Fwp%2Fv2%2Fcomments&post=215"}],"wp:featuredmedia":[{"embeddable":true,"href":"https:\/\/ccpvseguridad.com\/index.php?rest_route=\/wp\/v2\/media\/217"}],"wp:attachment":[{"href":"https:\/\/ccpvseguridad.com\/index.php?rest_route=%2Fwp%2Fv2%2Fmedia&parent=215"}],"wp:term":[{"taxonomy":"product_brand","embeddable":true,"href":"https:\/\/ccpvseguridad.com\/index.php?rest_route=%2Fwp%2Fv2%2Fproduct_brand&post=215"},{"taxonomy":"product_cat","embeddable":true,"href":"https:\/\/ccpvseguridad.com\/index.php?rest_route=%2Fwp%2Fv2%2Fproduct_cat&post=215"},{"taxonomy":"product_tag","embeddable":true,"href":"https:\/\/ccpvseguridad.com\/index.php?rest_route=%2Fwp%2Fv2%2Fproduct_tag&post=215"}],"curies":[{"name":"wp","href":"https:\/\/api.w.org\/{rel}","templated":true}]}}