{"id":232,"date":"2025-01-16T20:11:03","date_gmt":"2025-01-16T20:11:03","guid":{"rendered":"https:\/\/ccpvseguridad.com\/?post_type=product&#038;p=232"},"modified":"2025-01-24T21:39:16","modified_gmt":"2025-01-24T21:39:16","slug":"camara-4-mp-ipc2124le-adf40kmc-wl","status":"publish","type":"product","link":"https:\/\/ccpvseguridad.com\/?product=camara-4-mp-ipc2124le-adf40kmc-wl","title":{"rendered":"C\u00e1mara 4 MP IPC2124LE-ADF40KMC-WL"},"content":{"rendered":"<p>Presentamos la innovadora c\u00e1mara IPC2124LE-ADF28(40)KMC-WL, una soluci\u00f3n ideal para la seguridad en cualquier entorno. Con una resoluci\u00f3n de 4MP, esta c\u00e1mara garantiza una calidad de imagen excepcional, capturando detalles precisos en todo momento. Su tecnolog\u00eda avanzada de reducci\u00f3n de ruido y amplio rango din\u00e1mico permite obtener im\u00e1genes claras y n\u00edtidas incluso en condiciones de poca luz. La c\u00e1mara est\u00e1 equipada con la revolucionaria tecnolog\u00eda Colour Hunter, que asegura colores vibrantes y precisos incluso en entornos con poca iluminaci\u00f3n, proporcionando im\u00e1genes realistas y detalladas las 24 horas del d\u00eda. Su lente de 2.8\/4 mm ofrece una amplia cobertura de vigilancia. Adem\u00e1s, su dise\u00f1o resistente a la intemperie y a prueba de vandalismo asegura un rendimiento duradero en cualquier condici\u00f3n clim\u00e1tica. La IPC2124LE-ADF28(40)KMC-WL incluye funcionalidades inteligentes como detecci\u00f3n de movimiento y an\u00e1lisis de video en tiempo real, brindando una seguridad proactiva.<\/p>\n<p>F\u00e1cil de instalar y de manejar, esta c\u00e1mara es perfecta para negocios, oficinas y hogares que buscan una soluci\u00f3n de vigilancia confiable y eficiente. \u00a1Protege lo que m\u00e1s te importa con la IPC2124LE-ADF28(40)KMC-WL y la tecnolog\u00eda Colour Hunter!<\/p>\n<p>Mira el: <a href=\"https:\/\/ccpvseguridad.com\/wp-content\/uploads\/2025\/01\/UNV-IPC2124LE-ADF2840KMC-WL-4MP-HD-ColorHunter-Mini-IR-Fixed-Bullet-Network-Camera-Datasheet-V1.3-EN.pdf\">DATASHEET<\/a><\/p>\n","protected":false},"excerpt":{"rendered":"<p>C\u00e1mara IPC2124LE-ADF28(40)KMC-WL: \u2022 Resoluci\u00f3n m\u00e1xima: 4MP (2688&#215;1520)<br \/>\n\u2022 Sen sor: 1\/3&#8243; CMOS<br \/>\n\u2022 Tecnolog\u00eda de compresi\u00f3n de video: Ultra 265, H.265, H.264, MJPEG<br \/>\n\u2022 Tecnolog\u00eda de reducci\u00f3n de ruido: 2D\/3D DNR<br \/>\n\u2022 Tecnolog\u00eda WDR: 120dB<br \/>\n\u2022 Lente: 2.8mm y 4.0mm (F1.6)<br \/>\n\u2022 Campo de visi\u00f3n: 112.9\u00b0 horizontal, 59.1\u00b0 vertical<br \/>\n\u2022 Distancia de detecci\u00f3n: hasta 63.0m (2.8mm), hasta 90.0m (4.0mm)<br \/>\n\u2022 Iluminaci\u00f3n IR: hasta 30m<br \/>\n\u2022 Iluminaci\u00f3n de luz blanca: hasta 30m<br \/>\n\u2022 Protecci\u00f3n IP: IP67<br \/>\n\u2022 Almacenamiento: Micro SD hasta 512GB<br \/>\n\u2022 Potencia: Soporte PoE<br \/>\n\u2022 Audio: G.711U, G.711A, dos v\u00edas<br \/>\n\u2022 Red: IPv4, IPv6, TCP, UDP, DHCP, RTP, RTSP, RTCP, RTMP, DNS, DDNS, NTP, FTP, UPnP, HTTP, HTTPS, SMTP, SSL\/TLS, 802.1x, SNMP<br \/>\n\u2022 Compatibilidad: ONVIF (Perfil S, G, T), API, SDK<\/p>\n<p>Funciones adicionales: Detecci\u00f3n de movimiento, an\u00e1lisis de video en tiempo real, detecci\u00f3n de audio, alarma de intrusi\u00f3n, protecci\u00f3n de privacidad, marca de agua, filtrado de direcciones IP, pol\u00edtica de acceso, autenticaci\u00f3n de usuario, autenticaci\u00f3n HTTP, protecci\u00f3n ARP, autenticaci\u00f3n RTSP, autenticaci\u00f3n de usuario, registro de operaciones, cifrado HTTPS, autenticaci\u00f3n b\u00e1sica y digest para RTSP, autenticaci\u00f3n digest para HTTP, TLS 1.2, WSSE y autenticaci\u00f3n digest para ONVIF<\/p>\n","protected":false},"featured_media":233,"comment_status":"open","ping_status":"closed","template":"","meta":{"site-sidebar-layout":"default","site-content-layout":"","ast-site-content-layout":"default","site-content-style":"default","site-sidebar-style":"default","ast-global-header-display":"","ast-banner-title-visibility":"","ast-main-header-display":"","ast-hfb-above-header-display":"","ast-hfb-below-header-display":"","ast-hfb-mobile-header-display":"","site-post-title":"","ast-breadcrumbs-content":"","ast-featured-img":"","footer-sml-layout":"","theme-transparent-header-meta":"default","adv-header-id-meta":"","stick-header-meta":"","header-above-stick-meta":"","header-main-stick-meta":"","header-below-stick-meta":"","astra-migrate-meta-layouts":"set","ast-page-background-enabled":"default","ast-page-background-meta":{"desktop":{"background-color":"var(--ast-global-color-4)","background-image":"","background-repeat":"repeat","background-position":"center center","background-size":"auto","background-attachment":"scroll","background-type":"","background-media":"","overlay-type":"","overlay-color":"","overlay-opacity":"","overlay-gradient":""},"tablet":{"background-color":"","background-image":"","background-repeat":"repeat","background-position":"center center","background-size":"auto","background-attachment":"scroll","background-type":"","background-media":"","overlay-type":"","overlay-color":"","overlay-opacity":"","overlay-gradient":""},"mobile":{"background-color":"","background-image":"","background-repeat":"repeat","background-position":"center center","background-size":"auto","background-attachment":"scroll","background-type":"","background-media":"","overlay-type":"","overlay-color":"","overlay-opacity":"","overlay-gradient":""}},"ast-content-background-meta":{"desktop":{"background-color":"var(--ast-global-color-5)","background-image":"","background-repeat":"repeat","background-position":"center center","background-size":"auto","background-attachment":"scroll","background-type":"","background-media":"","overlay-type":"","overlay-color":"","overlay-opacity":"","overlay-gradient":""},"tablet":{"background-color":"var(--ast-global-color-5)","background-image":"","background-repeat":"repeat","background-position":"center center","background-size":"auto","background-attachment":"scroll","background-type":"","background-media":"","overlay-type":"","overlay-color":"","overlay-opacity":"","overlay-gradient":""},"mobile":{"background-color":"var(--ast-global-color-5)","background-image":"","background-repeat":"repeat","background-position":"center center","background-size":"auto","background-attachment":"scroll","background-type":"","background-media":"","overlay-type":"","overlay-color":"","overlay-opacity":"","overlay-gradient":""}}},"product_brand":[],"product_cat":[31],"product_tag":[33,32],"class_list":{"0":"post-232","1":"product","2":"type-product","3":"status-publish","4":"has-post-thumbnail","6":"product_cat-ipc-easy","7":"product_tag-4-mpx","8":"product_tag-ipc","9":"desktop-align-left","10":"tablet-align-left","11":"mobile-align-left","13":"first","14":"onbackorder","15":"taxable","16":"shipping-taxable","17":"product-type-simple"},"jetpack_sharing_enabled":true,"_links":{"self":[{"href":"https:\/\/ccpvseguridad.com\/index.php?rest_route=\/wp\/v2\/product\/232","targetHints":{"allow":["GET"]}}],"collection":[{"href":"https:\/\/ccpvseguridad.com\/index.php?rest_route=\/wp\/v2\/product"}],"about":[{"href":"https:\/\/ccpvseguridad.com\/index.php?rest_route=\/wp\/v2\/types\/product"}],"replies":[{"embeddable":true,"href":"https:\/\/ccpvseguridad.com\/index.php?rest_route=%2Fwp%2Fv2%2Fcomments&post=232"}],"wp:featuredmedia":[{"embeddable":true,"href":"https:\/\/ccpvseguridad.com\/index.php?rest_route=\/wp\/v2\/media\/233"}],"wp:attachment":[{"href":"https:\/\/ccpvseguridad.com\/index.php?rest_route=%2Fwp%2Fv2%2Fmedia&parent=232"}],"wp:term":[{"taxonomy":"product_brand","embeddable":true,"href":"https:\/\/ccpvseguridad.com\/index.php?rest_route=%2Fwp%2Fv2%2Fproduct_brand&post=232"},{"taxonomy":"product_cat","embeddable":true,"href":"https:\/\/ccpvseguridad.com\/index.php?rest_route=%2Fwp%2Fv2%2Fproduct_cat&post=232"},{"taxonomy":"product_tag","embeddable":true,"href":"https:\/\/ccpvseguridad.com\/index.php?rest_route=%2Fwp%2Fv2%2Fproduct_tag&post=232"}],"curies":[{"name":"wp","href":"https:\/\/api.w.org\/{rel}","templated":true}]}}