{"id":254,"date":"2025-01-16T20:25:08","date_gmt":"2025-01-16T20:25:08","guid":{"rendered":"https:\/\/ccpvseguridad.com\/?post_type=product&#038;p=254"},"modified":"2025-01-24T21:43:59","modified_gmt":"2025-01-24T21:43:59","slug":"camara-2-mp-ipc322lb-af28wk-g","status":"publish","type":"product","link":"https:\/\/ccpvseguridad.com\/?product=camara-2-mp-ipc322lb-af28wk-g","title":{"rendered":"C\u00e1mara 2 MP IPC322LB-AF28WK-G"},"content":{"rendered":"<p>La c\u00e1mara de vigilancia\u00a0IPC322LB-AF28WK-G\u00a0es la soluci\u00f3n perfecta para quienes buscan seguridad y tranquilidad en su hogar o negocio. Con su\u00a0resoluci\u00f3n de alta definici\u00f3n, garantiza im\u00e1genes n\u00edtidas y claras, incluso en condiciones de poca luz gracias a su tecnolog\u00eda de\u00a0visi\u00f3n nocturna infrarroja. Su conexi\u00f3n a red es vers\u00e1til, permitiendo acceso a trav\u00e9s de\u00a0Wi-Fi IEEE802.11b\/g\/n\u00a0y conexi\u00f3n Ethernet, adapt\u00e1ndose a tus necesidades. Incorpora funciones avanzadas como detecci\u00f3n de movimiento, que env\u00eda alertas instant\u00e1neas a tu dispositivo m\u00f3vil, y compresi\u00f3n de video H.264, optimizando la calidad de imagen mientras ahorra ancho de banda. Adem\u00e1s, su dise\u00f1o elegante y discreto se integra perfectamente en cualquier ambiente. Con capacidad para grabaci\u00f3n en tarjeta microSD, esta c\u00e1mara es ideal para quienes buscan un sistema de seguridad confiable y f\u00e1cil de usar. Protege lo que m\u00e1s valoras con la IPC322LB-AF28WK-G.<\/p>\n<p>Mira el: <a href=\"https:\/\/ccpvseguridad.com\/wp-content\/uploads\/2025\/01\/UNV\u3010Datasheet\u3011IPC322LB-AF28WK-G.pdf\">DATASHEET<\/a><\/p>\n","protected":false},"excerpt":{"rendered":"<p>C\u00e1mara\u00a0IPC322LB-AF28WK-G:<\/p>\n<p>\u2022 Resoluci\u00f3n de Imagen: 2MP Alta definici\u00f3n (HD).<br \/>\n\u2022 Tipo de Conexi\u00f3n:Red: Compatible con Wi-Fi IEEE802.11b\/g\/n.<br \/>\n\u2022 Ethernet: Conexi\u00f3n por cable para mayor estabilidad.<br \/>\n\u2022 \u00c1ngulo de Visi\u00f3n: Amplio, ideal para monitoreo en \u00e1reas extensas.<br \/>\n\u2022 Infrarrojos: Visi\u00f3n nocturna para grabar en condiciones de poca luz.<br \/>\n\u2022 Compresi\u00f3n de Video: H.264, lo que permite una mejor calidad de imagen y menor uso de ancho de banda.<br \/>\n\u2022 Detecci\u00f3n de Movimiento: Funci\u00f3n que permite alertas cuando se detecta movimiento.<br \/>\n\u2022 Almacenamiento: Posibilidad de grabaci\u00f3n en tarjeta microSD (verificar capacidad soportada).<br \/>\n\u2022 Interfaz de Usuario: Acceso v\u00eda aplicaci\u00f3n m\u00f3vil o software de PC.<\/p>\n","protected":false},"featured_media":255,"comment_status":"open","ping_status":"closed","template":"","meta":{"site-sidebar-layout":"default","site-content-layout":"","ast-site-content-layout":"default","site-content-style":"default","site-sidebar-style":"default","ast-global-header-display":"","ast-banner-title-visibility":"","ast-main-header-display":"","ast-hfb-above-header-display":"","ast-hfb-below-header-display":"","ast-hfb-mobile-header-display":"","site-post-title":"","ast-breadcrumbs-content":"","ast-featured-img":"","footer-sml-layout":"","theme-transparent-header-meta":"default","adv-header-id-meta":"","stick-header-meta":"","header-above-stick-meta":"","header-main-stick-meta":"","header-below-stick-meta":"","astra-migrate-meta-layouts":"set","ast-page-background-enabled":"default","ast-page-background-meta":{"desktop":{"background-color":"var(--ast-global-color-4)","background-image":"","background-repeat":"repeat","background-position":"center center","background-size":"auto","background-attachment":"scroll","background-type":"","background-media":"","overlay-type":"","overlay-color":"","overlay-opacity":"","overlay-gradient":""},"tablet":{"background-color":"","background-image":"","background-repeat":"repeat","background-position":"center center","background-size":"auto","background-attachment":"scroll","background-type":"","background-media":"","overlay-type":"","overlay-color":"","overlay-opacity":"","overlay-gradient":""},"mobile":{"background-color":"","background-image":"","background-repeat":"repeat","background-position":"center center","background-size":"auto","background-attachment":"scroll","background-type":"","background-media":"","overlay-type":"","overlay-color":"","overlay-opacity":"","overlay-gradient":""}},"ast-content-background-meta":{"desktop":{"background-color":"var(--ast-global-color-5)","background-image":"","background-repeat":"repeat","background-position":"center center","background-size":"auto","background-attachment":"scroll","background-type":"","background-media":"","overlay-type":"","overlay-color":"","overlay-opacity":"","overlay-gradient":""},"tablet":{"background-color":"var(--ast-global-color-5)","background-image":"","background-repeat":"repeat","background-position":"center center","background-size":"auto","background-attachment":"scroll","background-type":"","background-media":"","overlay-type":"","overlay-color":"","overlay-opacity":"","overlay-gradient":""},"mobile":{"background-color":"var(--ast-global-color-5)","background-image":"","background-repeat":"repeat","background-position":"center center","background-size":"auto","background-attachment":"scroll","background-type":"","background-media":"","overlay-type":"","overlay-color":"","overlay-opacity":"","overlay-gradient":""}}},"product_brand":[],"product_cat":[31],"product_tag":[21,32],"class_list":{"0":"post-254","1":"product","2":"type-product","3":"status-publish","4":"has-post-thumbnail","6":"product_cat-ipc-easy","7":"product_tag-2-mpx","8":"product_tag-ipc","9":"desktop-align-left","10":"tablet-align-left","11":"mobile-align-left","13":"first","14":"onbackorder","15":"taxable","16":"shipping-taxable","17":"product-type-simple"},"jetpack_sharing_enabled":true,"_links":{"self":[{"href":"https:\/\/ccpvseguridad.com\/index.php?rest_route=\/wp\/v2\/product\/254","targetHints":{"allow":["GET"]}}],"collection":[{"href":"https:\/\/ccpvseguridad.com\/index.php?rest_route=\/wp\/v2\/product"}],"about":[{"href":"https:\/\/ccpvseguridad.com\/index.php?rest_route=\/wp\/v2\/types\/product"}],"replies":[{"embeddable":true,"href":"https:\/\/ccpvseguridad.com\/index.php?rest_route=%2Fwp%2Fv2%2Fcomments&post=254"}],"wp:featuredmedia":[{"embeddable":true,"href":"https:\/\/ccpvseguridad.com\/index.php?rest_route=\/wp\/v2\/media\/255"}],"wp:attachment":[{"href":"https:\/\/ccpvseguridad.com\/index.php?rest_route=%2Fwp%2Fv2%2Fmedia&parent=254"}],"wp:term":[{"taxonomy":"product_brand","embeddable":true,"href":"https:\/\/ccpvseguridad.com\/index.php?rest_route=%2Fwp%2Fv2%2Fproduct_brand&post=254"},{"taxonomy":"product_cat","embeddable":true,"href":"https:\/\/ccpvseguridad.com\/index.php?rest_route=%2Fwp%2Fv2%2Fproduct_cat&post=254"},{"taxonomy":"product_tag","embeddable":true,"href":"https:\/\/ccpvseguridad.com\/index.php?rest_route=%2Fwp%2Fv2%2Fproduct_tag&post=254"}],"curies":[{"name":"wp","href":"https:\/\/api.w.org\/{rel}","templated":true}]}}