{"id":258,"date":"2025-01-16T20:26:41","date_gmt":"2025-01-16T20:26:41","guid":{"rendered":"https:\/\/ccpvseguridad.com\/?post_type=product&#038;p=258"},"modified":"2025-01-24T21:44:54","modified_gmt":"2025-01-24T21:44:54","slug":"camara-2-mp-hc121-ts8cr-z","status":"publish","type":"product","link":"https:\/\/ccpvseguridad.com\/?product=camara-2-mp-hc121-ts8cr-z","title":{"rendered":"C\u00e1mara 2 MP HC121-TS8CR-Z"},"content":{"rendered":"<p>La c\u00e1mara de vigilancia\u00a0HC121-TS8CR-Z\u00a0es la soluci\u00f3n ideal para quienes buscan seguridad y tranquilidad en sus espacios. Con un sensor de imagen de\u00a02MP\u00a0de grado industrial, ofrece una resoluci\u00f3n impresionante de\u00a01920 x 1080 p\u00edxeles, asegurando que cada detalle sea capturado con claridad. Su lente motorizada permite un ajuste flexible de la distancia focal, facilitando la instalaci\u00f3n y el enfoque en \u00e1reas espec\u00edficas. Una de las caracter\u00edsticas m\u00e1s destacadas de esta c\u00e1mara es su capacidad de visi\u00f3n nocturna, equipada con 4 LED IR que proporcionan visibilidad de hasta 50 metros en condiciones de poca luz, convirti\u00e9ndola en una opci\u00f3n confiable para el monitoreo nocturno. El algoritmo de reconocimiento de matr\u00edculas y veh\u00edculos incorporado puede reconocer matr\u00edculas est\u00e1ndar de varios pa\u00edses, lo que a\u00f1ade una capa extra de seguridad y funcionalidad.<\/p>\n<p>Adem\u00e1s, su conectividad permite una f\u00e1cil integraci\u00f3n en sistemas de seguridad existentes, lo que la hace vers\u00e1til y adaptable a diferentes entornos. Dise\u00f1ada para el uso al aire libre, la HC121-TS8CR-Z cuenta con un dise\u00f1o robusto que resiste las inclemencias del tiempo. Ideal para negocios o espacios p\u00fablicos, esta c\u00e1mara es una excelente solucion para el control de trafico en la via y en parqueaderos<\/p>\n<p>Mira el: <a href=\"https:\/\/ccpvseguridad.com\/wp-content\/uploads\/2025\/01\/UNV-HC121@TS8CR-Z-2MP-ANPR-Bullet-Camera4.7-47mmstarlightPoEH.265IR-Datasheet-V1.00.pdf\">DATASHEET<\/a><\/p>\n","protected":false},"excerpt":{"rendered":"<p>C\u00e1mara\u00a0HC121-TS8CR-Z<\/p>\n<p>\u2022 Sensor de Imagen:2MP de grado industrial, que proporciona im\u00e1genes con una resoluci\u00f3n de 1920 x 1080 p\u00edxeles.<\/p>\n<p>\u2022 Algoritmo de reconocimiento de matr\u00edculas y veh\u00edculos incorporado, puede reconocer matr\u00edculas est\u00e1ndar de varios pa\u00edses.<br \/>\n\u2022 Lente: Lente motorizada que permite un ajuste flexible de la distancia focal, facilitando la instalaci\u00f3n y el enfoque.<br \/>\n\u2022 Visi\u00f3n Nocturna: Equipado con iluminaci\u00f3n IR de 4 LED, que proporciona visibilidad de hasta 50 metros en condiciones de poca luz.<br \/>\n\u2022Conectividad: Compatible con redes, lo que permite una f\u00e1cil integraci\u00f3n en sistemas de seguridad existentes.<\/p>\n<p>\u2022 Almacenamiento: Soporta tarjetas Micro SD de hasta 128 GB<br \/>\n\u2022 Aplicaciones:Ideal para monitoreo al aire libre, gracias a su dise\u00f1o robusto y caracter\u00edsticas avanzadas.<\/p>\n","protected":false},"featured_media":259,"comment_status":"open","ping_status":"closed","template":"","meta":{"site-sidebar-layout":"default","site-content-layout":"","ast-site-content-layout":"default","site-content-style":"default","site-sidebar-style":"default","ast-global-header-display":"","ast-banner-title-visibility":"","ast-main-header-display":"","ast-hfb-above-header-display":"","ast-hfb-below-header-display":"","ast-hfb-mobile-header-display":"","site-post-title":"","ast-breadcrumbs-content":"","ast-featured-img":"","footer-sml-layout":"","theme-transparent-header-meta":"default","adv-header-id-meta":"","stick-header-meta":"","header-above-stick-meta":"","header-main-stick-meta":"","header-below-stick-meta":"","astra-migrate-meta-layouts":"set","ast-page-background-enabled":"default","ast-page-background-meta":{"desktop":{"background-color":"var(--ast-global-color-4)","background-image":"","background-repeat":"repeat","background-position":"center center","background-size":"auto","background-attachment":"scroll","background-type":"","background-media":"","overlay-type":"","overlay-color":"","overlay-opacity":"","overlay-gradient":""},"tablet":{"background-color":"","background-image":"","background-repeat":"repeat","background-position":"center center","background-size":"auto","background-attachment":"scroll","background-type":"","background-media":"","overlay-type":"","overlay-color":"","overlay-opacity":"","overlay-gradient":""},"mobile":{"background-color":"","background-image":"","background-repeat":"repeat","background-position":"center center","background-size":"auto","background-attachment":"scroll","background-type":"","background-media":"","overlay-type":"","overlay-color":"","overlay-opacity":"","overlay-gradient":""}},"ast-content-background-meta":{"desktop":{"background-color":"var(--ast-global-color-5)","background-image":"","background-repeat":"repeat","background-position":"center center","background-size":"auto","background-attachment":"scroll","background-type":"","background-media":"","overlay-type":"","overlay-color":"","overlay-opacity":"","overlay-gradient":""},"tablet":{"background-color":"var(--ast-global-color-5)","background-image":"","background-repeat":"repeat","background-position":"center center","background-size":"auto","background-attachment":"scroll","background-type":"","background-media":"","overlay-type":"","overlay-color":"","overlay-opacity":"","overlay-gradient":""},"mobile":{"background-color":"var(--ast-global-color-5)","background-image":"","background-repeat":"repeat","background-position":"center center","background-size":"auto","background-attachment":"scroll","background-type":"","background-media":"","overlay-type":"","overlay-color":"","overlay-opacity":"","overlay-gradient":""}}},"product_brand":[],"product_cat":[38],"product_tag":[21,39],"class_list":{"0":"post-258","1":"product","2":"type-product","3":"status-publish","4":"has-post-thumbnail","6":"product_cat-lpr","7":"product_tag-2-mpx","8":"product_tag-lpr","9":"desktop-align-left","10":"tablet-align-left","11":"mobile-align-left","13":"first","14":"onbackorder","15":"taxable","16":"shipping-taxable","17":"product-type-simple"},"jetpack_sharing_enabled":true,"_links":{"self":[{"href":"https:\/\/ccpvseguridad.com\/index.php?rest_route=\/wp\/v2\/product\/258","targetHints":{"allow":["GET"]}}],"collection":[{"href":"https:\/\/ccpvseguridad.com\/index.php?rest_route=\/wp\/v2\/product"}],"about":[{"href":"https:\/\/ccpvseguridad.com\/index.php?rest_route=\/wp\/v2\/types\/product"}],"replies":[{"embeddable":true,"href":"https:\/\/ccpvseguridad.com\/index.php?rest_route=%2Fwp%2Fv2%2Fcomments&post=258"}],"wp:featuredmedia":[{"embeddable":true,"href":"https:\/\/ccpvseguridad.com\/index.php?rest_route=\/wp\/v2\/media\/259"}],"wp:attachment":[{"href":"https:\/\/ccpvseguridad.com\/index.php?rest_route=%2Fwp%2Fv2%2Fmedia&parent=258"}],"wp:term":[{"taxonomy":"product_brand","embeddable":true,"href":"https:\/\/ccpvseguridad.com\/index.php?rest_route=%2Fwp%2Fv2%2Fproduct_brand&post=258"},{"taxonomy":"product_cat","embeddable":true,"href":"https:\/\/ccpvseguridad.com\/index.php?rest_route=%2Fwp%2Fv2%2Fproduct_cat&post=258"},{"taxonomy":"product_tag","embeddable":true,"href":"https:\/\/ccpvseguridad.com\/index.php?rest_route=%2Fwp%2Fv2%2Fproduct_tag&post=258"}],"curies":[{"name":"wp","href":"https:\/\/api.w.org\/{rel}","templated":true}]}}