{"id":265,"date":"2025-01-16T20:39:37","date_gmt":"2025-01-16T20:39:37","guid":{"rendered":"https:\/\/ccpvseguridad.com\/?post_type=product&#038;p=265"},"modified":"2025-02-08T14:53:31","modified_gmt":"2025-02-08T14:53:31","slug":"nvr-301-04ls3-p4","status":"publish","type":"product","link":"https:\/\/ccpvseguridad.com\/?product=nvr-301-04ls3-p4","title":{"rendered":"NVR 301-04LS3-P4"},"content":{"rendered":"<p>El\u00a0NVR301-04LS3-P4\u00a0es un grabador de video en red (NVR) de \u00faltima generaci\u00f3n, dise\u00f1ado para ofrecer soluciones de vigilancia de alta calidad. Con capacidad para gestionar hasta 4 c\u00e1maras IP, este dispositivo es ideal para peque\u00f1as y medianas instalaciones de seguridad. Su compatibilidad con m\u00faltiples formatos de video, incluyendo\u00a0Ultra 265,\u00a0H.265\u00a0y\u00a0H.264, garantiza una excelente calidad de imagen y eficiencia en el almacenamiento. Este NVR destaca por su ancho de banda soportado, con una entrada de 64 Mbps y una salida de 48 Mbps, lo que permite una transmisi\u00f3n fluida y sin interrupciones. Adem\u00e1s, su capacidad para soportar resoluciones de hasta 4K asegura que cada detalle sea capturado con claridad.<\/p>\n<p>La conectividad es otro de sus puntos fuertes, ya que cuenta con 4 interfaces de red PoE independientes, facilitando la instalaci\u00f3n y el mantenimiento. Con la posibilidad de que hasta 128 usuarios accedan simult\u00e1neamente, el NVR301-04LS3-P4 es perfecto para entornos que requieren monitoreo constante y accesibilidad remota.<\/p>\n<p>En resumen, el NVR301-04LS3-P4 combina tecnolog\u00eda avanzada y facilidad de uso, convirti\u00e9ndolo en una opci\u00f3n confiable para cualquier sistema de vigilancia.<\/p>\n<p>Mira el: <a href=\"https:\/\/ubox-eu.oss-eu-central-1.aliyuncs.com\/datacenter\/doc\/5f16f01f-54bf-4a72-91ac-7d3d4d3cccbb\/64eea2db-c744-400a-9992-66ea668f0af3.pdf\">DATASHEET<\/a><\/p>\n","protected":false},"excerpt":{"rendered":"<p>\u2022 Tipo de dispositivo: Grabador de video en red (NVR) de 4 canales.<\/p>\n<p>\u2022 Formatos de video soportados: Ultra 265, H.265, H.264.<br \/>\n\u2022 Entradas: 4 canales para c\u00e1maras IP.<br \/>\n\u2022 Compatible con c\u00e1maras IP de terceros (conformidad: Perfil S, Perfil G, Perfil T).<br \/>\n\u2022 Ancho de banda soportado: Entrada: 64 Mbps. Salida: 48 Mbps.<br \/>\n\u2022 Resoluci\u00f3n m\u00e1xima: Soporta hasta 4K.<br \/>\n\u2022 Conectividad: Plug &amp; Play con 4 interfaces de red PoE independientes.<br \/>\n\u2022 Usuarios remotos: Soporta hasta 128 usuarios simult\u00e1neos.<br \/>\nProtocolos: TCP\/IP, entre otros.<\/p>\n","protected":false},"featured_media":266,"comment_status":"open","ping_status":"closed","template":"","meta":{"site-sidebar-layout":"default","site-content-layout":"","ast-site-content-layout":"default","site-content-style":"default","site-sidebar-style":"default","ast-global-header-display":"","ast-banner-title-visibility":"","ast-main-header-display":"","ast-hfb-above-header-display":"","ast-hfb-below-header-display":"","ast-hfb-mobile-header-display":"","site-post-title":"","ast-breadcrumbs-content":"","ast-featured-img":"","footer-sml-layout":"","theme-transparent-header-meta":"default","adv-header-id-meta":"","stick-header-meta":"","header-above-stick-meta":"","header-main-stick-meta":"","header-below-stick-meta":"","astra-migrate-meta-layouts":"set","ast-page-background-enabled":"default","ast-page-background-meta":{"desktop":{"background-color":"var(--ast-global-color-4)","background-image":"","background-repeat":"repeat","background-position":"center center","background-size":"auto","background-attachment":"scroll","background-type":"","background-media":"","overlay-type":"","overlay-color":"","overlay-opacity":"","overlay-gradient":""},"tablet":{"background-color":"","background-image":"","background-repeat":"repeat","background-position":"center center","background-size":"auto","background-attachment":"scroll","background-type":"","background-media":"","overlay-type":"","overlay-color":"","overlay-opacity":"","overlay-gradient":""},"mobile":{"background-color":"","background-image":"","background-repeat":"repeat","background-position":"center center","background-size":"auto","background-attachment":"scroll","background-type":"","background-media":"","overlay-type":"","overlay-color":"","overlay-opacity":"","overlay-gradient":""}},"ast-content-background-meta":{"desktop":{"background-color":"var(--ast-global-color-5)","background-image":"","background-repeat":"repeat","background-position":"center center","background-size":"auto","background-attachment":"scroll","background-type":"","background-media":"","overlay-type":"","overlay-color":"","overlay-opacity":"","overlay-gradient":""},"tablet":{"background-color":"var(--ast-global-color-5)","background-image":"","background-repeat":"repeat","background-position":"center center","background-size":"auto","background-attachment":"scroll","background-type":"","background-media":"","overlay-type":"","overlay-color":"","overlay-opacity":"","overlay-gradient":""},"mobile":{"background-color":"var(--ast-global-color-5)","background-image":"","background-repeat":"repeat","background-position":"center center","background-size":"auto","background-attachment":"scroll","background-type":"","background-media":"","overlay-type":"","overlay-color":"","overlay-opacity":"","overlay-gradient":""}}},"product_brand":[],"product_cat":[41],"product_tag":[42],"class_list":{"0":"post-265","1":"product","2":"type-product","3":"status-publish","4":"has-post-thumbnail","6":"product_cat-nvr","7":"product_tag-nvr","8":"desktop-align-left","9":"tablet-align-left","10":"mobile-align-left","12":"first","13":"onbackorder","14":"product-type-simple"},"jetpack_sharing_enabled":true,"_links":{"self":[{"href":"https:\/\/ccpvseguridad.com\/index.php?rest_route=\/wp\/v2\/product\/265","targetHints":{"allow":["GET"]}}],"collection":[{"href":"https:\/\/ccpvseguridad.com\/index.php?rest_route=\/wp\/v2\/product"}],"about":[{"href":"https:\/\/ccpvseguridad.com\/index.php?rest_route=\/wp\/v2\/types\/product"}],"replies":[{"embeddable":true,"href":"https:\/\/ccpvseguridad.com\/index.php?rest_route=%2Fwp%2Fv2%2Fcomments&post=265"}],"wp:featuredmedia":[{"embeddable":true,"href":"https:\/\/ccpvseguridad.com\/index.php?rest_route=\/wp\/v2\/media\/266"}],"wp:attachment":[{"href":"https:\/\/ccpvseguridad.com\/index.php?rest_route=%2Fwp%2Fv2%2Fmedia&parent=265"}],"wp:term":[{"taxonomy":"product_brand","embeddable":true,"href":"https:\/\/ccpvseguridad.com\/index.php?rest_route=%2Fwp%2Fv2%2Fproduct_brand&post=265"},{"taxonomy":"product_cat","embeddable":true,"href":"https:\/\/ccpvseguridad.com\/index.php?rest_route=%2Fwp%2Fv2%2Fproduct_cat&post=265"},{"taxonomy":"product_tag","embeddable":true,"href":"https:\/\/ccpvseguridad.com\/index.php?rest_route=%2Fwp%2Fv2%2Fproduct_tag&post=265"}],"curies":[{"name":"wp","href":"https:\/\/api.w.org\/{rel}","templated":true}]}}