{"id":83,"date":"2025-01-13T21:02:34","date_gmt":"2025-01-13T21:02:34","guid":{"rendered":"https:\/\/ccpvseguridad.com\/?post_type=product&#038;p=83"},"modified":"2025-01-24T18:37:53","modified_gmt":"2025-01-24T18:37:53","slug":"camara-uac-b112-f28","status":"publish","type":"product","link":"https:\/\/ccpvseguridad.com\/?product=camara-uac-b112-f28","title":{"rendered":"C\u00e1mara anal\u00f3gica bullet IR fija de 2MP (Lente: 2.8mm) UAC-B112-F28"},"content":{"rendered":"<p>La c\u00e1mara UAC-B112-F28 es una c\u00e1mara anal\u00f3gica mini bullet fija IR HD de 2MP con un sensor CMOS de alto rendimiento de 1\/3 de pulgada. Soporta TVI\/AHD\/CVI\/CVBS, lo que mejora efectivamente la adaptabilidad del producto y la diversidad de soluciones de red. Con cable coaxial RG 75% ohms o cable UTP (cat 5,6 100% cobre) la c\u00e1mara puede lograr transmisi\u00f3n de video a larga distancia con una excelente imagen a bajo costo, gracias a la tecnologia integrada de anti-interferencia y baja latencia. La c\u00e1mara soporta filtro de corte IR y proporciona im\u00e1genes en color durante el d\u00eda e im\u00e1genes en blanco y negro durante la noche. Si buscas una c\u00e1mara de vigilancia confiable, pr\u00e1ctica y econ\u00f3mica, la c\u00e1mara uniview UAC-B112-F28 es la opci\u00f3n ideal para ti. La c\u00e1mara de vigilancia uniview es un dispositivo de alta calidad que te permite monitorear tu hogar o negocio desde cualquier lugar.<\/p>\n<p>Mira el: <a href=\"https:\/\/ubox-eu.oss-eu-central-1.aliyuncs.com\/datacenter\/doc\/0bc3e85c-b368-4dc5-b862-d7153ca3bdf3\/325aba36-5b5b-4010-b15e-5f1e51f3785e.pdf\" target=\"_blank\">DATASHEET<\/a><\/p>\n","protected":false},"excerpt":{"rendered":"<p>C\u00e1mara anal\u00f3gica bullet IR fija de 2MP (Lente: 2.8mm) &#8211; Resoluci\u00f3n de 2 MP imagen de alta calidad<br \/>\n-MULTIFORMATOS: TVI\/AHD\/CVI\/CVBS<br \/>\n-Filtro de corte IR con interruptor autom\u00e1tico para funcionalidad diurna y nocturna (ICR)<br \/>\n-Base flexible que permite giro manual de180\u00b0 vertical y horizontal<br \/>\n-Men\u00fa de configuraci\u00f3n OSD, f\u00e1cil de operar<br \/>\n-Dise\u00f1o a prueba de agua y polvo IP67, alta fiabilidad<br \/>\n-Men\u00fa de configuraci\u00f3n OSD en 11 idiomas<\/p>\n","protected":false},"featured_media":91,"comment_status":"open","ping_status":"closed","template":"","meta":{"site-sidebar-layout":"default","site-content-layout":"","ast-site-content-layout":"default","site-content-style":"default","site-sidebar-style":"default","ast-global-header-display":"","ast-banner-title-visibility":"","ast-main-header-display":"","ast-hfb-above-header-display":"","ast-hfb-below-header-display":"","ast-hfb-mobile-header-display":"","site-post-title":"","ast-breadcrumbs-content":"","ast-featured-img":"","footer-sml-layout":"","theme-transparent-header-meta":"default","adv-header-id-meta":"","stick-header-meta":"","header-above-stick-meta":"","header-main-stick-meta":"","header-below-stick-meta":"","astra-migrate-meta-layouts":"set","ast-page-background-enabled":"default","ast-page-background-meta":{"desktop":{"background-color":"var(--ast-global-color-4)","background-image":"","background-repeat":"repeat","background-position":"center center","background-size":"auto","background-attachment":"scroll","background-type":"","background-media":"","overlay-type":"","overlay-color":"","overlay-opacity":"","overlay-gradient":""},"tablet":{"background-color":"","background-image":"","background-repeat":"repeat","background-position":"center center","background-size":"auto","background-attachment":"scroll","background-type":"","background-media":"","overlay-type":"","overlay-color":"","overlay-opacity":"","overlay-gradient":""},"mobile":{"background-color":"","background-image":"","background-repeat":"repeat","background-position":"center center","background-size":"auto","background-attachment":"scroll","background-type":"","background-media":"","overlay-type":"","overlay-color":"","overlay-opacity":"","overlay-gradient":""}},"ast-content-background-meta":{"desktop":{"background-color":"var(--ast-global-color-5)","background-image":"","background-repeat":"repeat","background-position":"center center","background-size":"auto","background-attachment":"scroll","background-type":"","background-media":"","overlay-type":"","overlay-color":"","overlay-opacity":"","overlay-gradient":""},"tablet":{"background-color":"var(--ast-global-color-5)","background-image":"","background-repeat":"repeat","background-position":"center center","background-size":"auto","background-attachment":"scroll","background-type":"","background-media":"","overlay-type":"","overlay-color":"","overlay-opacity":"","overlay-gradient":""},"mobile":{"background-color":"var(--ast-global-color-5)","background-image":"","background-repeat":"repeat","background-position":"center center","background-size":"auto","background-attachment":"scroll","background-type":"","background-media":"","overlay-type":"","overlay-color":"","overlay-opacity":"","overlay-gradient":""}}},"product_brand":[],"product_cat":[18],"product_tag":[19],"class_list":{"0":"post-83","1":"product","2":"type-product","3":"status-publish","4":"has-post-thumbnail","6":"product_cat-camara-analogica","7":"product_tag-camara-analogica","8":"desktop-align-left","9":"tablet-align-left","10":"mobile-align-left","12":"first","13":"onbackorder","14":"taxable","15":"shipping-taxable","16":"product-type-simple"},"jetpack_sharing_enabled":true,"_links":{"self":[{"href":"https:\/\/ccpvseguridad.com\/index.php?rest_route=\/wp\/v2\/product\/83","targetHints":{"allow":["GET"]}}],"collection":[{"href":"https:\/\/ccpvseguridad.com\/index.php?rest_route=\/wp\/v2\/product"}],"about":[{"href":"https:\/\/ccpvseguridad.com\/index.php?rest_route=\/wp\/v2\/types\/product"}],"replies":[{"embeddable":true,"href":"https:\/\/ccpvseguridad.com\/index.php?rest_route=%2Fwp%2Fv2%2Fcomments&post=83"}],"wp:featuredmedia":[{"embeddable":true,"href":"https:\/\/ccpvseguridad.com\/index.php?rest_route=\/wp\/v2\/media\/91"}],"wp:attachment":[{"href":"https:\/\/ccpvseguridad.com\/index.php?rest_route=%2Fwp%2Fv2%2Fmedia&parent=83"}],"wp:term":[{"taxonomy":"product_brand","embeddable":true,"href":"https:\/\/ccpvseguridad.com\/index.php?rest_route=%2Fwp%2Fv2%2Fproduct_brand&post=83"},{"taxonomy":"product_cat","embeddable":true,"href":"https:\/\/ccpvseguridad.com\/index.php?rest_route=%2Fwp%2Fv2%2Fproduct_cat&post=83"},{"taxonomy":"product_tag","embeddable":true,"href":"https:\/\/ccpvseguridad.com\/index.php?rest_route=%2Fwp%2Fv2%2Fproduct_tag&post=83"}],"curies":[{"name":"wp","href":"https:\/\/api.w.org\/{rel}","templated":true}]}}