{"id":89,"date":"2025-01-13T21:26:28","date_gmt":"2025-01-13T21:26:28","guid":{"rendered":"https:\/\/ccpvseguridad.com\/?post_type=product&#038;p=89"},"modified":"2025-01-24T20:47:31","modified_gmt":"2025-01-24T20:47:31","slug":"camara-analogica-bullet-ir-fija-de-5mp","status":"publish","type":"product","link":"https:\/\/ccpvseguridad.com\/?product=camara-analogica-bullet-ir-fija-de-5mp","title":{"rendered":"C\u00e1mara anal\u00f3gica bullet IR fija de 5MP (Lente: 2.8mm) UAC-B115-F28"},"content":{"rendered":"<p>UAC-B115-F28 La c\u00e1mara anal\u00f3gica mini bullet fija IR HD de 5MP integrada con un lente fijo de 2.8mm, con un sensor CMOS de alto rendimiento de 1\/2.7 pulgada.el modelo UAC-B115-F28 es una c\u00e1mara de vigilancia vers\u00e1til y de alto rendimiento. Cuenta con una resoluci\u00f3n de de alta definici\u00f3n (HD), proporcionando im\u00e1genes claras y detalladas. La c\u00e1mara es compatible con m\u00faltiples formatos de video, incluyendo TVI, AHD, CVI y CVBS, lo que la hace adaptable a diversas soluciones de red.<br \/>\nLa c\u00e1mara UAC-B115-F28 est\u00e1 dise\u00f1ada para operar en una amplia gama de temperaturas y cuenta con protecci\u00f3n contra sobretensiones, lo que la hace adecuada para diversos entornos. La c\u00e1mara de vigilancia uniview es un dispositivo de alta calidad que te permite monitorear tu hogar o negocio desde cualquier lugar.<\/p>\n<p>Mira el: <a href=\"https:\/\/ubox-eu.oss-eu-central-1.aliyuncs.com\/datacenter\/doc\/5dbf15f5-6fb9-4233-a639-9d284107dced\/3530d19f-f633-4e04-ae5d-217ba9763dce.pdf\">DATASHEET<\/a><\/p>\n","protected":false},"excerpt":{"rendered":"<p>C\u00e1mara anal\u00f3gica bullet IR fija de 5MP (Lente: 2.8mm)<\/p>\n<p>\u2022 Imagen de alta calidad de 5MP<\/p>\n<p>\u2022 MULTIFORMATOS TVI\/AHD\/CVI\/CVBS<\/p>\n<p>\u2022 Filtro de corte IR con interruptor autom\u00e1tico para funcionalidad diurna y nocturna (ICR)<\/p>\n<p>\u2022 Base flexible que permite giro manual de180\u00b0 vertical y horizontal<\/p>\n<p>\u2022 Men\u00fa de configuraci\u00f3n OSD, f\u00e1cil de operar<\/p>\n<p>\u2022 Dise\u00f1o IP67 resistente al agua y al polvo, alta confiabilidad<\/p>\n<p>\u2022 Men\u00fa de configuraci\u00f3n OSD en 11 idiomas<\/p>\n","protected":false},"featured_media":90,"comment_status":"open","ping_status":"closed","template":"","meta":{"site-sidebar-layout":"default","site-content-layout":"","ast-site-content-layout":"default","site-content-style":"default","site-sidebar-style":"default","ast-global-header-display":"","ast-banner-title-visibility":"","ast-main-header-display":"","ast-hfb-above-header-display":"","ast-hfb-below-header-display":"","ast-hfb-mobile-header-display":"","site-post-title":"","ast-breadcrumbs-content":"","ast-featured-img":"","footer-sml-layout":"","theme-transparent-header-meta":"default","adv-header-id-meta":"","stick-header-meta":"","header-above-stick-meta":"","header-main-stick-meta":"","header-below-stick-meta":"","astra-migrate-meta-layouts":"set","ast-page-background-enabled":"default","ast-page-background-meta":{"desktop":{"background-color":"var(--ast-global-color-4)","background-image":"","background-repeat":"repeat","background-position":"center center","background-size":"auto","background-attachment":"scroll","background-type":"","background-media":"","overlay-type":"","overlay-color":"","overlay-opacity":"","overlay-gradient":""},"tablet":{"background-color":"","background-image":"","background-repeat":"repeat","background-position":"center center","background-size":"auto","background-attachment":"scroll","background-type":"","background-media":"","overlay-type":"","overlay-color":"","overlay-opacity":"","overlay-gradient":""},"mobile":{"background-color":"","background-image":"","background-repeat":"repeat","background-position":"center center","background-size":"auto","background-attachment":"scroll","background-type":"","background-media":"","overlay-type":"","overlay-color":"","overlay-opacity":"","overlay-gradient":""}},"ast-content-background-meta":{"desktop":{"background-color":"var(--ast-global-color-5)","background-image":"","background-repeat":"repeat","background-position":"center center","background-size":"auto","background-attachment":"scroll","background-type":"","background-media":"","overlay-type":"","overlay-color":"","overlay-opacity":"","overlay-gradient":""},"tablet":{"background-color":"var(--ast-global-color-5)","background-image":"","background-repeat":"repeat","background-position":"center center","background-size":"auto","background-attachment":"scroll","background-type":"","background-media":"","overlay-type":"","overlay-color":"","overlay-opacity":"","overlay-gradient":""},"mobile":{"background-color":"var(--ast-global-color-5)","background-image":"","background-repeat":"repeat","background-position":"center center","background-size":"auto","background-attachment":"scroll","background-type":"","background-media":"","overlay-type":"","overlay-color":"","overlay-opacity":"","overlay-gradient":""}}},"product_brand":[],"product_cat":[18],"product_tag":[20,19],"class_list":{"0":"post-89","1":"product","2":"type-product","3":"status-publish","4":"has-post-thumbnail","6":"product_cat-camara-analogica","7":"product_tag-5-mpx","8":"product_tag-camara-analogica","9":"desktop-align-left","10":"tablet-align-left","11":"mobile-align-left","13":"first","14":"onbackorder","15":"taxable","16":"shipping-taxable","17":"product-type-simple"},"jetpack_sharing_enabled":true,"_links":{"self":[{"href":"https:\/\/ccpvseguridad.com\/index.php?rest_route=\/wp\/v2\/product\/89","targetHints":{"allow":["GET"]}}],"collection":[{"href":"https:\/\/ccpvseguridad.com\/index.php?rest_route=\/wp\/v2\/product"}],"about":[{"href":"https:\/\/ccpvseguridad.com\/index.php?rest_route=\/wp\/v2\/types\/product"}],"replies":[{"embeddable":true,"href":"https:\/\/ccpvseguridad.com\/index.php?rest_route=%2Fwp%2Fv2%2Fcomments&post=89"}],"wp:featuredmedia":[{"embeddable":true,"href":"https:\/\/ccpvseguridad.com\/index.php?rest_route=\/wp\/v2\/media\/90"}],"wp:attachment":[{"href":"https:\/\/ccpvseguridad.com\/index.php?rest_route=%2Fwp%2Fv2%2Fmedia&parent=89"}],"wp:term":[{"taxonomy":"product_brand","embeddable":true,"href":"https:\/\/ccpvseguridad.com\/index.php?rest_route=%2Fwp%2Fv2%2Fproduct_brand&post=89"},{"taxonomy":"product_cat","embeddable":true,"href":"https:\/\/ccpvseguridad.com\/index.php?rest_route=%2Fwp%2Fv2%2Fproduct_cat&post=89"},{"taxonomy":"product_tag","embeddable":true,"href":"https:\/\/ccpvseguridad.com\/index.php?rest_route=%2Fwp%2Fv2%2Fproduct_tag&post=89"}],"curies":[{"name":"wp","href":"https:\/\/api.w.org\/{rel}","templated":true}]}}