{"id":95,"date":"2025-01-13T23:16:46","date_gmt":"2025-01-13T23:16:46","guid":{"rendered":"https:\/\/ccpvseguridad.com\/?post_type=product&#038;p=95"},"modified":"2025-01-31T00:30:02","modified_gmt":"2025-01-31T00:30:02","slug":"camara-domo-fija-de-2mp","status":"publish","type":"product","link":"https:\/\/ccpvseguridad.com\/?product=camara-domo-fija-de-2mp","title":{"rendered":"C\u00e1mara Domo fija de 2Mp (Lente: 2.8mm) UAC-D112-F28"},"content":{"rendered":"<p>La c\u00e1mara de seguridad\u00a0UAC-D112-F28\u00a0destaca por su alta calidad de imagen y durabilidad, con una resoluci\u00f3n de 2Mp gracias a un sensor CMOS de 1\/3&#8243; de Alto Rendimiento, posee tecnolog\u00eda de visi\u00f3n nocturna, que garantiza una vigilancia efectiva las 24 horas del d\u00eda. Adem\u00e1s, su dise\u00f1o resistente al vandalismo y a las inclemencias del tiempo la hace perfecta para cualquier entorno. Soporta TVI\/AHD\/CVI\/CVBS, lo que mejora efectivamente la adaptabilidad del producto y la diversidad de soluciones de red. La c\u00e1mara soporta filtro de corte IR proporcionando im\u00e1genes en color durante el d\u00eda e im\u00e1genes en blanco y negro durante la noche. La c\u00e1mara de vigilancia uniview es un dispositivo de alta calidad que te permite monitorear tu hogar o negocio desde cualquier lugar.<\/p>\n<p>Mira el: <a href=\"https:\/\/ccpvseguridad.com\/wp-content\/uploads\/2025\/01\/UNV-UAC-D112-F2840-2MP-HD-IR-Fixed-Dome-Analog-Camera.pdf\">DATASHEET<\/a><\/p>\n","protected":false},"excerpt":{"rendered":"<p>C\u00e1mara Domo fija de 2Mp (Lente: 2.8mm), modelo: UAC-D112-F28(40) 2MP Fixed IR Dome Analog Camera<br \/>\n\u2022 imagen de Alta calidad (HD) 2MP<br \/>\n\u2022 MULTIFORMATOS TVI\/AHD\/CVI\/CVBS \u2022 Filtro de corte IR con interruptor autom\u00e1tico para funcionalidad diurna y nocturna (ICR)<br \/>\n\u2022 Supports 180\u00b0 horizontal flip, 180\u00b0 vertical flip<br \/>\n\u2022 Men\u00fa de configuraci\u00f3n OSD, f\u00e1cil de operar<br \/>\n\u2022 Dise\u00f1o IP67 resistente al agua y al polvo, alta confiabilidad<br \/>\n\u2022 Men\u00fa de configuraci\u00f3n OSD en 11 idiomas<br \/>\n\u2022 3-Axis<\/p>\n","protected":false},"featured_media":96,"comment_status":"open","ping_status":"closed","template":"","meta":{"site-sidebar-layout":"default","site-content-layout":"","ast-site-content-layout":"default","site-content-style":"default","site-sidebar-style":"default","ast-global-header-display":"","ast-banner-title-visibility":"","ast-main-header-display":"","ast-hfb-above-header-display":"","ast-hfb-below-header-display":"","ast-hfb-mobile-header-display":"","site-post-title":"","ast-breadcrumbs-content":"","ast-featured-img":"","footer-sml-layout":"","theme-transparent-header-meta":"default","adv-header-id-meta":"","stick-header-meta":"","header-above-stick-meta":"","header-main-stick-meta":"","header-below-stick-meta":"","astra-migrate-meta-layouts":"set","ast-page-background-enabled":"default","ast-page-background-meta":{"desktop":{"background-color":"var(--ast-global-color-4)","background-image":"","background-repeat":"repeat","background-position":"center center","background-size":"auto","background-attachment":"scroll","background-type":"","background-media":"","overlay-type":"","overlay-color":"","overlay-opacity":"","overlay-gradient":""},"tablet":{"background-color":"","background-image":"","background-repeat":"repeat","background-position":"center center","background-size":"auto","background-attachment":"scroll","background-type":"","background-media":"","overlay-type":"","overlay-color":"","overlay-opacity":"","overlay-gradient":""},"mobile":{"background-color":"","background-image":"","background-repeat":"repeat","background-position":"center center","background-size":"auto","background-attachment":"scroll","background-type":"","background-media":"","overlay-type":"","overlay-color":"","overlay-opacity":"","overlay-gradient":""}},"ast-content-background-meta":{"desktop":{"background-color":"var(--ast-global-color-5)","background-image":"","background-repeat":"repeat","background-position":"center center","background-size":"auto","background-attachment":"scroll","background-type":"","background-media":"","overlay-type":"","overlay-color":"","overlay-opacity":"","overlay-gradient":""},"tablet":{"background-color":"var(--ast-global-color-5)","background-image":"","background-repeat":"repeat","background-position":"center center","background-size":"auto","background-attachment":"scroll","background-type":"","background-media":"","overlay-type":"","overlay-color":"","overlay-opacity":"","overlay-gradient":""},"mobile":{"background-color":"var(--ast-global-color-5)","background-image":"","background-repeat":"repeat","background-position":"center center","background-size":"auto","background-attachment":"scroll","background-type":"","background-media":"","overlay-type":"","overlay-color":"","overlay-opacity":"","overlay-gradient":""}}},"product_brand":[],"product_cat":[18],"product_tag":[21,19],"class_list":{"0":"post-95","1":"product","2":"type-product","3":"status-publish","4":"has-post-thumbnail","6":"product_cat-camara-analogica","7":"product_tag-2-mpx","8":"product_tag-camara-analogica","9":"desktop-align-left","10":"tablet-align-left","11":"mobile-align-left","13":"first","14":"onbackorder","15":"taxable","16":"shipping-taxable","17":"product-type-simple"},"jetpack_sharing_enabled":true,"_links":{"self":[{"href":"https:\/\/ccpvseguridad.com\/index.php?rest_route=\/wp\/v2\/product\/95","targetHints":{"allow":["GET"]}}],"collection":[{"href":"https:\/\/ccpvseguridad.com\/index.php?rest_route=\/wp\/v2\/product"}],"about":[{"href":"https:\/\/ccpvseguridad.com\/index.php?rest_route=\/wp\/v2\/types\/product"}],"replies":[{"embeddable":true,"href":"https:\/\/ccpvseguridad.com\/index.php?rest_route=%2Fwp%2Fv2%2Fcomments&post=95"}],"wp:featuredmedia":[{"embeddable":true,"href":"https:\/\/ccpvseguridad.com\/index.php?rest_route=\/wp\/v2\/media\/96"}],"wp:attachment":[{"href":"https:\/\/ccpvseguridad.com\/index.php?rest_route=%2Fwp%2Fv2%2Fmedia&parent=95"}],"wp:term":[{"taxonomy":"product_brand","embeddable":true,"href":"https:\/\/ccpvseguridad.com\/index.php?rest_route=%2Fwp%2Fv2%2Fproduct_brand&post=95"},{"taxonomy":"product_cat","embeddable":true,"href":"https:\/\/ccpvseguridad.com\/index.php?rest_route=%2Fwp%2Fv2%2Fproduct_cat&post=95"},{"taxonomy":"product_tag","embeddable":true,"href":"https:\/\/ccpvseguridad.com\/index.php?rest_route=%2Fwp%2Fv2%2Fproduct_tag&post=95"}],"curies":[{"name":"wp","href":"https:\/\/api.w.org\/{rel}","templated":true}]}}